{"id":352,"date":"2014-02-12T22:55:40","date_gmt":"2014-02-12T20:55:40","guid":{"rendered":"http:\/\/airistospa.fi\/aspa14\/?page_id=352"},"modified":"2015-06-04T11:29:49","modified_gmt":"2015-06-04T08:29:49","slug":"bestallningsrestaurang","status":"publish","type":"page","link":"https:\/\/airistospa.fi\/sv\/tjanster\/bestallningsrestaurang\/","title":{"rendered":"Best\u00e4llningsrestaurang"},"content":{"rendered":"<p>[vc_row][vc_column width=&#8221;1\/1&#8243;][vc_gallery type=&#8221;flexslider_slide&#8221; interval=&#8221;5&#8243; images=&#8221;389,2017,2701&#8243; onclick=&#8221;link_no&#8221; custom_links_target=&#8221;_self&#8221; img_size=&#8221;large&#8221;][\/vc_column][\/vc_row][vc_row][vc_column width=&#8221;2\/3&#8243;][vc_column_text]<\/p>\n<h1>Best\u00e4llningsrestaurang<\/h1>\n<p>Vi \u00e4r lika fokuserade och dedikerade d\u00e5 det kommer till maten som vid v\u00e5ra alla andra tillst\u00e4llningar.<\/p>\n<p>En st\u00e4mningsfull kv\u00e4ll, solen g\u00e5r ner vi havet. Ute i naturen p\u00e5 den stora terrassen eller i sanden p\u00e5 stranden. P\u00e5 vintern kan man sitta inne p\u00e5 den unika och varma glast\u00e4ckta terrassen, d\u00e4r skapar du och dina g\u00e4ster en otrolig och of\u00f6rgl\u00f6mlig st\u00e4mning.<\/p>\n<h2>Lokala och f\u00e4rska r\u00e5varor<\/h2>\n<p>V\u00e5ra r\u00e4tter bygger p\u00e5 lokala och f\u00e4rska r\u00e5varor. Delikatesserna \u00e4r en upplevelse i sig, till exempel den lokala och f\u00e4rska r\u00f6kta fisken och lamm. Kolla in v\u00e5ra l\u00e4ckra <a title=\"Middagsf\u00f6rslag\" href=\"https:\/\/airistospa.fi\/wp-content\/uploads\/2014\/04\/FIN-Menu-Airistospa.pdf\" target=\"_blank\">middagsf\u00f6rslag<\/a> &#8211; och kom ih\u00e5g: du kan \u00e4ven komma ut till Airisto och \u00e4ta i v\u00e5r best\u00e4llningsrestaurang, utan att bada!<\/p>\n<p>Finns det b\u00e4ttre plats att ha kr\u00e4ftskiva?<br \/>\nFr\u00e5ga efter v\u00e5r kr\u00e4ftmeny.<\/p>\n<p><a href=\"mailto:info@airistospa.fi\">Ta kontakt f\u00f6r mer information!<\/a>[\/vc_column_text][\/vc_column][vc_column width=&#8221;1\/3&#8243;][vc_column_text]<\/p>\n<h3>Anv\u00e4ndbar information<\/h3>\n<ul>\n<li>glasterass 40 personer<\/li>\n<li>relax room 15 personer<\/li>\n<li>uteterass 60 personer<\/li>\n<li>sandstrand 100+ (festt\u00e4lt)<\/li>\n<\/ul>\n<p>Hotell inom g\u00e5ngavst\u00e5nd (100+ personer)[\/vc_column_text][\/vc_column][\/vc_row]<\/p>\n","protected":false},"excerpt":{"rendered":"<p>God mat och en unik atmosf\u00e4r. V\u00e5ra r\u00e4tter bygger p\u00e5 lokala och f\u00e4rska r\u00e5varor.<\/p>\n","protected":false},"author":1,"featured_media":2044,"parent":190,"menu_order":0,"comment_status":"closed","ping_status":"closed","template":"","meta":{"_uag_custom_page_level_css":"","site-sidebar-layout":"no-sidebar","site-content-layout":"plain-container","ast-site-content-layout":"default","site-content-style":"default","site-sidebar-style":"default","ast-global-header-display":"","ast-banner-title-visibility":"","ast-main-header-display":"","ast-hfb-above-header-display":"","ast-hfb-below-header-display":"","ast-hfb-mobile-header-display":"","site-post-title":"disabled","ast-breadcrumbs-content":"","ast-featured-img":"disabled","footer-sml-layout":"","ast-disable-related-posts":"","theme-transparent-header-meta":"","adv-header-id-meta":"","stick-header-meta":"","header-above-stick-meta":"","header-main-stick-meta":"","header-below-stick-meta":"","astra-migrate-meta-layouts":"default","ast-page-background-enabled":"default","ast-page-background-meta":{"desktop":{"background-color":"","background-image":"","background-repeat":"repeat","background-position":"center center","background-size":"auto","background-attachment":"scroll","background-type":"","background-media":"","overlay-type":"","overlay-color":"","overlay-opacity":"","overlay-gradient":""},"tablet":{"background-color":"","background-image":"","background-repeat":"repeat","background-position":"center center","background-size":"auto","background-attachment":"scroll","background-type":"","background-media":"","overlay-type":"","overlay-color":"","overlay-opacity":"","overlay-gradient":""},"mobile":{"background-color":"","background-image":"","background-repeat":"repeat","background-position":"center center","background-size":"auto","background-attachment":"scroll","background-type":"","background-media":"","overlay-type":"","overlay-color":"","overlay-opacity":"","overlay-gradient":""}},"ast-content-background-meta":{"desktop":{"background-color":"var(--ast-global-color-5)","background-image":"","background-repeat":"repeat","background-position":"center center","background-size":"auto","background-attachment":"scroll","background-type":"","background-media":"","overlay-type":"","overlay-color":"","overlay-opacity":"","overlay-gradient":""},"tablet":{"background-color":"var(--ast-global-color-5)","background-image":"","background-repeat":"repeat","background-position":"center center","background-size":"auto","background-attachment":"scroll","background-type":"","background-media":"","overlay-type":"","overlay-color":"","overlay-opacity":"","overlay-gradient":""},"mobile":{"background-color":"var(--ast-global-color-5)","background-image":"","background-repeat":"repeat","background-position":"center center","background-size":"auto","background-attachment":"scroll","background-type":"","background-media":"","overlay-type":"","overlay-color":"","overlay-opacity":"","overlay-gradient":""}},"footnotes":""},"class_list":["post-352","page","type-page","status-publish","has-post-thumbnail","hentry"],"spectra_custom_meta":{"_edit_last":["2"],"_edit_lock":["1433406592:2"],"_wp_page_template":["default"],"_wpb_vc_js_status":["true"],"_wpb_vc_js_interface_version":["2"],"vc_teaser":["a:2:{s:4:\"data\";s:115:\"[{\"name\":\"title\",\"link\":\"post\"},{\"name\":\"image\",\"image\":\"featured\",\"link\":\"none\"},{\"name\":\"text\",\"mode\":\"excerpt\"}]\";s:7:\"bgcolor\";s:0:\"\";}"],"_wpml_media_duplicate":["1"],"_wpml_media_featured":["1"],"slide_template":["default"],"_yoast_wpseo_focuskw":["Best\u00e4llningsrestaurang"],"_yoast_wpseo_title":["Best\u00e4llningsrestaurang i \u00e4kta sk\u00e4rg\u00e5rdsmilj\u00f6 - Airisto Spa"],"_yoast_wpseo_metadesc":["Airisto Spa:s best\u00e4llningsrestaurang \u00e4r perfekt d\u00e5 du vill ordna en privat middag f\u00f6r v\u00e4nner eller kunder. Kom och upplev god mat i en \u00e4kta sk\u00e4rg\u00e5rdsmilj\u00f6!"],"_yoast_wpseo_linkdex":["76"],"_thumbnail_id":["2044"],"_vc_post_settings":["a:2:{s:7:\"vc_grid\";a:0:{}s:10:\"vc_grid_id\";a:0:{}}"],"_astra_content_layout_flag":["disabled"],"site-post-title":["disabled"],"ast-title-bar-display":["disabled"],"ast-featured-img":["disabled"],"site-content-layout":["plain-container"],"site-sidebar-layout":["no-sidebar"],"astra_style_timestamp_css":["1698867808"],"rank_math_title":["Best\u00e4llningsrestaurang i \u00e4kta sk\u00e4rg\u00e5rdsmilj\u00f6 - Airisto Spa"],"rank_math_description":["Airisto Spa:s best\u00e4llningsrestaurang \u00e4r perfekt d\u00e5 du vill ordna en privat middag f\u00f6r v\u00e4nner eller kunder. Kom och upplev god mat i en \u00e4kta sk\u00e4rg\u00e5rdsmilj\u00f6!"],"rank_math_focus_keyword":["Best\u00e4llningsrestaurang"],"rank_math_news_sitemap_robots":["index"],"rank_math_robots":["a:1:{i:0;s:5:\"index\";}"],"rank_math_analytic_object_id":["41"],"_wpml_word_count":["{\"total\":246,\"to_translate\":{\"en\":246,\"fi\":246,\"ru\":246}}"],"_uag_css_file_name":["uag-css-352-1698868083.css"],"rank_math_internal_links_processed":["1"],"_uag_page_assets":["a:9:{s:3:\"css\";s:0:\"\";s:2:\"js\";s:0:\"\";s:18:\"current_block_list\";a:1:{i:0;s:14:\"core\/paragraph\";}s:8:\"uag_flag\";b:0;s:11:\"uag_version\";s:10:\"1775641262\";s:6:\"gfonts\";a:0:{}s:10:\"gfonts_url\";s:0:\"\";s:12:\"gfonts_files\";a:0:{}s:14:\"uag_faq_layout\";b:0;}"]},"uagb_featured_image_src":{"full":["https:\/\/airistospa.fi\/wp-content\/uploads\/2014\/02\/tilausravintola.png",150,150,false],"thumbnail":["https:\/\/airistospa.fi\/wp-content\/uploads\/2014\/02\/tilausravintola.png",150,150,false],"medium":["https:\/\/airistospa.fi\/wp-content\/uploads\/2014\/02\/tilausravintola.png",150,150,false],"medium_large":["https:\/\/airistospa.fi\/wp-content\/uploads\/2014\/02\/tilausravintola.png",150,150,false],"large":["https:\/\/airistospa.fi\/wp-content\/uploads\/2014\/02\/tilausravintola.png",150,150,false],"1536x1536":["https:\/\/airistospa.fi\/wp-content\/uploads\/2014\/02\/tilausravintola.png",150,150,false],"2048x2048":["https:\/\/airistospa.fi\/wp-content\/uploads\/2014\/02\/tilausravintola.png",150,150,false]},"uagb_author_info":{"display_name":"Frank","author_link":"https:\/\/airistospa.fi\/sv\/author\/dzfrank\/"},"uagb_comment_info":0,"uagb_excerpt":"God mat och en unik atmosf\u00e4r. V\u00e5ra r\u00e4tter bygger p\u00e5 lokala och f\u00e4rska r\u00e5varor.","_links":{"self":[{"href":"https:\/\/airistospa.fi\/sv\/wp-json\/wp\/v2\/pages\/352","targetHints":{"allow":["GET"]}}],"collection":[{"href":"https:\/\/airistospa.fi\/sv\/wp-json\/wp\/v2\/pages"}],"about":[{"href":"https:\/\/airistospa.fi\/sv\/wp-json\/wp\/v2\/types\/page"}],"author":[{"embeddable":true,"href":"https:\/\/airistospa.fi\/sv\/wp-json\/wp\/v2\/users\/1"}],"replies":[{"embeddable":true,"href":"https:\/\/airistospa.fi\/sv\/wp-json\/wp\/v2\/comments?post=352"}],"version-history":[{"count":0,"href":"https:\/\/airistospa.fi\/sv\/wp-json\/wp\/v2\/pages\/352\/revisions"}],"up":[{"embeddable":true,"href":"https:\/\/airistospa.fi\/sv\/wp-json\/wp\/v2\/pages\/190"}],"wp:featuredmedia":[{"embeddable":true,"href":"https:\/\/airistospa.fi\/sv\/wp-json\/wp\/v2\/media\/2044"}],"wp:attachment":[{"href":"https:\/\/airistospa.fi\/sv\/wp-json\/wp\/v2\/media?parent=352"}],"curies":[{"name":"wp","href":"https:\/\/api.w.org\/{rel}","templated":true}]}}