{"id":6085,"date":"2023-01-23T09:22:38","date_gmt":"2023-01-23T07:22:38","guid":{"rendered":"https:\/\/vq32r9x4ydc.c.updraftclone.com\/?page_id=6085"},"modified":"2024-07-19T15:24:00","modified_gmt":"2024-07-19T12:24:00","slug":"bokningsvillkor","status":"publish","type":"page","link":"https:\/\/airistospa.fi\/sv\/bokningsvillkor\/","title":{"rendered":"Bokningsvillkor"},"content":{"rendered":"\n<div class=\"wp-block-uagb-container uagb-block-ab1661fb alignfull uagb-is-root-container\"><div class=\"uagb-container-inner-blocks-wrap\">\n<h1 class=\"wp-block-heading\" style=\"font-size:54px\">Leverans-, betalnings- och avbest\u00e4llningsvillkor<\/h1>\n\n\n\n<p>Anger tillf\u00e4llet<\/p>\n\n\n\n<p>Eventprogrammet ska l\u00e4mnas in senast en vecka innan evenemanget. Programmet m\u00e5ste inneh\u00e5lla f\u00f6ljande:<br>\u00b7 antal deltagare, namnlista p\u00e5 de inkvarterade och rumsindelning.<br>\u00b7 schema, m\u00e5ltidstider och eventuella dieter.<br>\u00b7 n\u00f6dv\u00e4ndig m\u00f6tesutrustning och m\u00f6tesrummets bordsformat.<br>\u00b7 namnen p\u00e5 den person som ansvarar f\u00f6r evenemanget och utbildarna.<br>\u00b7 eventuella andra \u00f6nskem\u00e5l.<br>\u00b7 faktureringsadress och referens.<br>I detta fall sker fakturering enligt bekr\u00e4ftat antal personer, dock enligt det minsta antal personer som n\u00e4mns i erbjudandet.<\/p>\n\n\n\n<hr class=\"wp-block-separator has-alpha-channel-opacity\"\/>\n\n\n\n<p><strong>NOTERA! Alla ansvarar f\u00f6r att f\u00f6rvara sina kl\u00e4der och annan egendom i v\u00e5ra lokaler under evenemanget!<br>Airisto Spa ansvarar inte f\u00f6r hittegods och ansvarar enligt hittegodslagen inte f\u00f6r att f\u00f6rvara v\u00e4rdefull hittegods. V\u00e4rdef\u00f6rem\u00e5l levereras till polisen.<\/strong><\/p>\n\n\n\n<hr class=\"wp-block-separator has-alpha-channel-opacity\"\/>\n\n\n\n<h3 class=\"wp-block-heading\">Betalningsvillkor<\/h3>\n\n\n\n<p>Efter att ha bekr\u00e4ftat det slutgiltiga antalet personer och programmet skickar vi en faktura till dig som ska betalas innan resans start, om inte annat avtalats. Drycker, \u00f6kningar av antalet personer och andra eventuella till\u00e4ggstj\u00e4nster faktureras i efterhand efter f\u00f6rbrukning. Faktureringstill\u00e4gg 12 euro.<\/p>\n\n\n\n<h4 class=\"wp-block-heading\">F\u00f6r f\u00f6retag &#8211; Villkor f\u00f6r att st\u00e4lla in ett bekr\u00e4ftat evenemang\/tj\u00e4nst<\/h4>\n\n\n\n<p>Avbokning sker 30-45 dagar innan evenemanget, 25 % debiteras. 14-29 dagar innan evenemanget debiteras 50 %.<br>7-13 dagar innan evenemanget debiteras 75 % av priset och om avbokningen sker senare \u00e4n 7 dagar innan evenemanget debiteras 100 % av priset.<\/p>\n\n\n\n<h4 class=\"wp-block-heading\">F\u00f6r privatpersoner<\/h4>\n\n\n\n<p>Avbokningar en m\u00e5nad i f\u00f6rv\u00e4g.<\/p>\n\n\n\n<h4 class=\"wp-block-heading\">Force majeure:<\/h4>\n\n\n\n<p>Vid force majeure \u00e4r \u00e4garen inte skyldig att ers\u00e4tta en pl\u00f6tslig f\u00f6r\u00e4ndring av stugan eller att ers\u00e4tta hyresg\u00e4sten f\u00f6r skadan. \u00c4garen (Airisto Spa) har r\u00e4tt att avboka bokningen om Force Majeure intr\u00e4ffar.<\/p>\n\n\n\n<h4 class=\"wp-block-heading\">Tvistl\u00f6sning<\/h4>\n\n\n\n<p>Om en \u00f6verenskommelse inte kan n\u00e5s med \u00e4garen och hyresg\u00e4sten inom ramen f\u00f6r detta avtal och genom f\u00f6rhandling kommer \u00e4rendet att avg\u00f6ras i Parainen tingsr\u00e4tt.<\/p>\n\n\n\n<h4 class=\"wp-block-heading\">Anm\u00e4rkningar<\/h4>\n\n\n\n<p>Alla eventuella brott eller andra brister\/skador som uppt\u00e4cks i villan ska omedelbart rapporteras till villans \u00e4gare.<\/p>\n<\/div><\/div>\n","protected":false},"excerpt":{"rendered":"<p>Leverans-, betalnings- och avbest\u00e4llningsvillkor Anger tillf\u00e4llet Eventprogrammet ska l\u00e4mnas in senast en vecka innan evenemanget. Programmet m\u00e5ste inneh\u00e5lla f\u00f6ljande:\u00b7 antal deltagare, namnlista p\u00e5 de inkvarterade och rumsindelning.\u00b7 schema, m\u00e5ltidstider och eventuella dieter.\u00b7 n\u00f6dv\u00e4ndig m\u00f6tesutrustning och m\u00f6tesrummets bordsformat.\u00b7 namnen p\u00e5 den person som ansvarar f\u00f6r evenemanget och utbildarna.\u00b7 eventuella andra \u00f6nskem\u00e5l.\u00b7 faktureringsadress och referens.I detta fall [&hellip;]<\/p>\n","protected":false},"author":1,"featured_media":0,"parent":0,"menu_order":999,"comment_status":"closed","ping_status":"closed","template":"","meta":{"_uag_custom_page_level_css":"","site-sidebar-layout":"default","site-content-layout":"default","ast-site-content-layout":"default","site-content-style":"default","site-sidebar-style":"default","ast-global-header-display":"","ast-banner-title-visibility":"","ast-main-header-display":"","ast-hfb-above-header-display":"","ast-hfb-below-header-display":"","ast-hfb-mobile-header-display":"","site-post-title":"disabled","ast-breadcrumbs-content":"","ast-featured-img":"","footer-sml-layout":"","ast-disable-related-posts":"","theme-transparent-header-meta":"default","adv-header-id-meta":"","stick-header-meta":"default","header-above-stick-meta":"","header-main-stick-meta":"","header-below-stick-meta":"","astra-migrate-meta-layouts":"set","ast-page-background-enabled":"default","ast-page-background-meta":{"desktop":{"background-color":"","background-image":"","background-repeat":"repeat","background-position":"center center","background-size":"auto","background-attachment":"scroll","background-type":"","background-media":"","overlay-type":"","overlay-color":"","overlay-opacity":"","overlay-gradient":""},"tablet":{"background-color":"","background-image":"","background-repeat":"repeat","background-position":"center center","background-size":"auto","background-attachment":"scroll","background-type":"","background-media":"","overlay-type":"","overlay-color":"","overlay-opacity":"","overlay-gradient":""},"mobile":{"background-color":"","background-image":"","background-repeat":"repeat","background-position":"center center","background-size":"auto","background-attachment":"scroll","background-type":"","background-media":"","overlay-type":"","overlay-color":"","overlay-opacity":"","overlay-gradient":""}},"ast-content-background-meta":{"desktop":{"background-color":"var(--ast-global-color-5)","background-image":"","background-repeat":"repeat","background-position":"center center","background-size":"auto","background-attachment":"scroll","background-type":"","background-media":"","overlay-type":"","overlay-color":"","overlay-opacity":"","overlay-gradient":""},"tablet":{"background-color":"var(--ast-global-color-5)","background-image":"","background-repeat":"repeat","background-position":"center center","background-size":"auto","background-attachment":"scroll","background-type":"","background-media":"","overlay-type":"","overlay-color":"","overlay-opacity":"","overlay-gradient":""},"mobile":{"background-color":"var(--ast-global-color-5)","background-image":"","background-repeat":"repeat","background-position":"center center","background-size":"auto","background-attachment":"scroll","background-type":"","background-media":"","overlay-type":"","overlay-color":"","overlay-opacity":"","overlay-gradient":""}},"footnotes":""},"class_list":["post-6085","page","type-page","status-publish","hentry"],"spectra_custom_meta":{"_edit_lock":["1721392022:1"],"_wpml_word_count":["{\"total\":0,\"to_translate\":{\"en\":221,\"fi\":221,\"ru\":221,\"sv\":221}}"],"_edit_last":["1"],"_wpml_media_duplicate":["1"],"_wpml_media_featured":["0"],"site-post-title":["disabled"],"site-sidebar-layout":["default"],"site-content-layout":["default"],"theme-transparent-header-meta":["default"],"stick-header-meta":["default"],"_wp_page_template":["default"],"rank_math_robots":["a:1:{i:0;s:5:\"index\";}"],"_last_translation_edit_mode":["native-editor"],"astra_style_timestamp_css":["1698867765"],"rank_math_seo_score":["8"],"rank_math_analytic_object_id":["91"],"adv-header-id-meta":[""],"ast-site-content-layout":["default"],"_uag_custom_page_level_css":[""],"astra-migrate-meta-layouts":["set"],"footnotes":[""],"ast-main-header-display":[""],"footer-sml-layout":[""],"ast-featured-img":[""],"ast-breadcrumbs-content":[""],"ast-hfb-above-header-display":[""],"ast-hfb-below-header-display":[""],"ast-hfb-mobile-header-display":[""],"header-main-stick-meta":[""],"header-above-stick-meta":[""],"header-below-stick-meta":[""],"ast-banner-title-visibility":[""],"ast-global-header-display":[""],"site-content-style":["default"],"site-sidebar-style":["default"],"rank_math_internal_links_processed":["1"],"_uagb_previous_block_counts":["a:90:{s:21:\"uagb\/advanced-heading\";i:0;s:15:\"uagb\/blockquote\";i:0;s:12:\"uagb\/buttons\";i:0;s:18:\"uagb\/buttons-child\";i:0;s:19:\"uagb\/call-to-action\";i:0;s:15:\"uagb\/cf7-styler\";i:0;s:11:\"uagb\/column\";i:0;s:12:\"uagb\/columns\";i:0;s:14:\"uagb\/container\";i:1;s:21:\"uagb\/content-timeline\";i:0;s:27:\"uagb\/content-timeline-child\";i:0;s:14:\"uagb\/countdown\";i:0;s:12:\"uagb\/counter\";i:0;s:8:\"uagb\/faq\";i:0;s:14:\"uagb\/faq-child\";i:0;s:10:\"uagb\/forms\";i:0;s:17:\"uagb\/forms-accept\";i:0;s:19:\"uagb\/forms-checkbox\";i:0;s:15:\"uagb\/forms-date\";i:0;s:16:\"uagb\/forms-email\";i:0;s:17:\"uagb\/forms-hidden\";i:0;s:15:\"uagb\/forms-name\";i:0;s:16:\"uagb\/forms-phone\";i:0;s:16:\"uagb\/forms-radio\";i:0;s:17:\"uagb\/forms-select\";i:0;s:19:\"uagb\/forms-textarea\";i:0;s:17:\"uagb\/forms-toggle\";i:0;s:14:\"uagb\/forms-url\";i:0;s:14:\"uagb\/gf-styler\";i:0;s:15:\"uagb\/google-map\";i:0;s:11:\"uagb\/how-to\";i:0;s:16:\"uagb\/how-to-step\";i:0;s:9:\"uagb\/icon\";i:0;s:14:\"uagb\/icon-list\";i:0;s:20:\"uagb\/icon-list-child\";i:0;s:10:\"uagb\/image\";i:0;s:18:\"uagb\/image-gallery\";i:0;s:13:\"uagb\/info-box\";i:0;s:18:\"uagb\/inline-notice\";i:0;s:11:\"uagb\/lottie\";i:0;s:21:\"uagb\/marketing-button\";i:0;s:10:\"uagb\/modal\";i:0;s:18:\"uagb\/popup-builder\";i:0;s:16:\"uagb\/post-button\";i:0;s:18:\"uagb\/post-carousel\";i:0;s:17:\"uagb\/post-excerpt\";i:0;s:14:\"uagb\/post-grid\";i:0;s:15:\"uagb\/post-image\";i:0;s:17:\"uagb\/post-masonry\";i:0;s:14:\"uagb\/post-meta\";i:0;s:18:\"uagb\/post-taxonomy\";i:0;s:18:\"uagb\/post-timeline\";i:0;s:15:\"uagb\/post-title\";i:0;s:20:\"uagb\/restaurant-menu\";i:0;s:26:\"uagb\/restaurant-menu-child\";i:0;s:11:\"uagb\/review\";i:0;s:12:\"uagb\/section\";i:0;s:14:\"uagb\/separator\";i:0;s:11:\"uagb\/slider\";i:0;s:17:\"uagb\/slider-child\";i:0;s:17:\"uagb\/social-share\";i:0;s:23:\"uagb\/social-share-child\";i:0;s:16:\"uagb\/star-rating\";i:0;s:23:\"uagb\/sure-cart-checkout\";i:0;s:22:\"uagb\/sure-cart-product\";i:0;s:15:\"uagb\/sure-forms\";i:0;s:22:\"uagb\/table-of-contents\";i:0;s:9:\"uagb\/tabs\";i:0;s:15:\"uagb\/tabs-child\";i:0;s:18:\"uagb\/taxonomy-list\";i:0;s:9:\"uagb\/team\";i:0;s:16:\"uagb\/testimonial\";i:0;s:14:\"uagb\/wp-search\";i:0;s:19:\"uagb\/instagram-feed\";i:0;s:10:\"uagb\/login\";i:0;s:17:\"uagb\/loop-builder\";i:0;s:18:\"uagb\/loop-category\";i:0;s:20:\"uagb\/loop-pagination\";i:0;s:15:\"uagb\/loop-reset\";i:0;s:16:\"uagb\/loop-search\";i:0;s:14:\"uagb\/loop-sort\";i:0;s:17:\"uagb\/loop-wrapper\";i:0;s:13:\"uagb\/register\";i:0;s:19:\"uagb\/register-email\";i:0;s:24:\"uagb\/register-first-name\";i:0;s:23:\"uagb\/register-last-name\";i:0;s:22:\"uagb\/register-password\";i:0;s:30:\"uagb\/register-reenter-password\";i:0;s:19:\"uagb\/register-terms\";i:0;s:22:\"uagb\/register-username\";i:0;}"],"_uagb_last_spectra_edit":["1776795514"],"_uag_page_assets":["a:9:{s:3:\"css\";s:2565:\".wp-block-uagb-container.uagb-block-ab1661fb .uagb-container__shape-top svg{width: calc( 100% + 1.3px );}.wp-block-uagb-container.uagb-block-ab1661fb .uagb-container__shape.uagb-container__shape-top .uagb-container__shape-fill{fill: rgba(51,51,51,1);}.wp-block-uagb-container.uagb-block-ab1661fb .uagb-container__shape-bottom svg{width: calc( 100% + 1.3px );}.wp-block-uagb-container.uagb-block-ab1661fb .uagb-container__shape.uagb-container__shape-bottom .uagb-container__shape-fill{fill: rgba(51,51,51,1);}.wp-block-uagb-container.uagb-block-ab1661fb .uagb-container__video-wrap video{opacity: 1;}.wp-block-uagb-container.uagb-is-root-container .uagb-block-ab1661fb{max-width: 100%;width: 100%;}.wp-block-uagb-container.uagb-is-root-container.alignfull.uagb-block-ab1661fb > .uagb-container-inner-blocks-wrap{--inner-content-custom-width: min( 100%, 1200px);max-width: var(--inner-content-custom-width);width: 100%;flex-direction: column;align-items: center;justify-content: center;flex-wrap: nowrap;row-gap: 20px;column-gap: 20px;}.wp-block-uagb-container.uagb-block-ab1661fb{box-shadow: 0px 0px   #00000070 ;padding-top: 20px;padding-bottom: 20px;padding-left: 20px;padding-right: 20px;margin-top: 80px !important;margin-bottom: 120px !important;margin-left: 0px;margin-right: 0px;overflow: visible;order: initial;border-color: inherit;row-gap: 20px;column-gap: 20px;}@media only screen and (max-width: 976px) {.wp-block-uagb-container.uagb-is-root-container .uagb-block-ab1661fb{width: 100%;}.wp-block-uagb-container.uagb-is-root-container.alignfull.uagb-block-ab1661fb > .uagb-container-inner-blocks-wrap{--inner-content-custom-width: min( 100%, 1024px);max-width: var(--inner-content-custom-width);width: 100%;}.wp-block-uagb-container.uagb-block-ab1661fb{padding-top: 20px;padding-bottom: 20px;padding-left: 20px;padding-right: 20px;margin-top: 80px !important;margin-bottom: 120px !important;margin-left: 0px;margin-right: 0px;order: initial;}}@media only screen and (max-width: 767px) {.wp-block-uagb-container.uagb-is-root-container .uagb-block-ab1661fb{max-width: 100%;width: 100%;}.wp-block-uagb-container.uagb-is-root-container.alignfull.uagb-block-ab1661fb > .uagb-container-inner-blocks-wrap{--inner-content-custom-width: min( 100%, 767px);max-width: var(--inner-content-custom-width);width: 100%;flex-wrap: wrap;}.wp-block-uagb-container.uagb-block-ab1661fb{padding-top: 20px;padding-bottom: 20px;padding-left: 20px;padding-right: 20px;margin-top: 80px !important;margin-bottom: 120px !important;margin-left: 0px;margin-right: 0px;order: initial;}}\";s:2:\"js\";s:0:\"\";s:18:\"current_block_list\";a:4:{i:0;s:14:\"uagb\/container\";i:1;s:12:\"core\/heading\";i:2;s:14:\"core\/paragraph\";i:3;s:14:\"core\/separator\";}s:8:\"uag_flag\";b:1;s:11:\"uag_version\";s:10:\"1778757186\";s:6:\"gfonts\";a:0:{}s:10:\"gfonts_url\";s:0:\"\";s:12:\"gfonts_files\";a:0:{}s:14:\"uag_faq_layout\";b:0;}"]},"uagb_featured_image_src":{"full":false,"thumbnail":false,"medium":false,"medium_large":false,"large":false,"1536x1536":false,"2048x2048":false},"uagb_author_info":{"display_name":"Frank","author_link":"https:\/\/airistospa.fi\/sv\/author\/dzfrank\/"},"uagb_comment_info":0,"uagb_excerpt":"Leverans-, betalnings- och avbest\u00e4llningsvillkor Anger tillf\u00e4llet Eventprogrammet ska l\u00e4mnas in senast en vecka innan evenemanget. Programmet m\u00e5ste inneh\u00e5lla f\u00f6ljande:\u00b7 antal deltagare, namnlista p\u00e5 de inkvarterade och rumsindelning.\u00b7 schema, m\u00e5ltidstider och eventuella dieter.\u00b7 n\u00f6dv\u00e4ndig m\u00f6tesutrustning och m\u00f6tesrummets bordsformat.\u00b7 namnen p\u00e5 den person som ansvarar f\u00f6r evenemanget och utbildarna.\u00b7 eventuella andra \u00f6nskem\u00e5l.\u00b7 faktureringsadress och referens.I detta fall&hellip;","_links":{"self":[{"href":"https:\/\/airistospa.fi\/sv\/wp-json\/wp\/v2\/pages\/6085","targetHints":{"allow":["GET"]}}],"collection":[{"href":"https:\/\/airistospa.fi\/sv\/wp-json\/wp\/v2\/pages"}],"about":[{"href":"https:\/\/airistospa.fi\/sv\/wp-json\/wp\/v2\/types\/page"}],"author":[{"embeddable":true,"href":"https:\/\/airistospa.fi\/sv\/wp-json\/wp\/v2\/users\/1"}],"replies":[{"embeddable":true,"href":"https:\/\/airistospa.fi\/sv\/wp-json\/wp\/v2\/comments?post=6085"}],"version-history":[{"count":0,"href":"https:\/\/airistospa.fi\/sv\/wp-json\/wp\/v2\/pages\/6085\/revisions"}],"wp:attachment":[{"href":"https:\/\/airistospa.fi\/sv\/wp-json\/wp\/v2\/media?parent=6085"}],"curies":[{"name":"wp","href":"https:\/\/api.w.org\/{rel}","templated":true}]}}