{"id":7119,"date":"2024-07-24T13:16:20","date_gmt":"2024-07-24T10:16:20","guid":{"rendered":"https:\/\/airistospa.fi\/?page_id=7119"},"modified":"2024-07-24T13:30:09","modified_gmt":"2024-07-24T10:30:09","slug":"kraftskiva-i-abolands-skargard","status":"publish","type":"page","link":"https:\/\/airistospa.fi\/sv\/kraftskiva-i-abolands-skargard\/","title":{"rendered":"Kr\u00e4ftskiva i \u00c5bolands sk\u00e4rg\u00e5rd"},"content":{"rendered":"\n<div class=\"wp-block-uagb-container uagb-block-a3bf537a alignfull uagb-is-root-container\"><div class=\"uagb-container-inner-blocks-wrap\">\n<h2 class=\"wp-block-heading\">Anordna en perfekt kr\u00e4ftskiva hos oss<\/h2>\n\n\n\n<p>Kr\u00e4ftskivan \u00e4r sommarens h\u00f6jdpunkt som samlar v\u00e4nner och familj f\u00f6r att njuta av god mat, dryck och s\u00e4llskap. Denna traditionella svenska fest h\u00e5lls vanligtvis i slutet av augusti eller i b\u00f6rjan av september, n\u00e4r kr\u00e4fts\u00e4songen \u00e4r som b\u00e4st.<\/p>\n\n\n\n<h3 class=\"wp-block-heading\">Perfekt festlokal<\/h3>\n\n\n\n<p>Vi erbjuder fantastiska och trivsamma <a href=\"https:\/\/airistospa.fi\/sv\/tjanster\/brollop-och-fester\/\" data-type=\"page\" data-id=\"822\">festlokaler<\/a> som \u00e4r perfekta f\u00f6r att arrangera kr\u00e4ftskivor. V\u00e5ra lokaler \u00e4r utrustade f\u00f6r alla behov. Det finns ingen b\u00e4ttre plats f\u00f6r kr\u00e4ftskivan \u00e4n v\u00e5r inglasade terrass vid havet. Du kan fokusera p\u00e5 att njuta av festen medan vi tar hand om f\u00f6rberedelserna. Lokalhyra fr\u00e5n 950\u20ac.<\/p>\n\n\n\n<p>V\u00e5r andra fastighet, <a href=\"https:\/\/airistospa.fi\/sv\/villa-constantine\/\" data-type=\"page\" data-id=\"295\">Villa Constantine<\/a>, passar ocks\u00e5 utm\u00e4rkt f\u00f6r en s\u00e5dan fest. Lokalhyra fr\u00e5n 550\u20ac.<\/p>\n\n\n\n<h3 class=\"wp-block-heading\">Uts\u00f6kt catering<\/h3>\n\n\n\n<p>Vi sk\u00f6ter all matservering \u00e5t dig. Vi tillagar f\u00e4rska kr\u00e4ftor p\u00e5 traditionellt s\u00e4tt med dill och rostat br\u00f6d. Dessutom erbjuder vi ett brett utbud av tillbeh\u00f6r som f\u00e4rskpotatis, sallad och ostar. Hos oss f\u00e5r du ocks\u00e5 uts\u00f6kta desserter och drycker \u2013 snaps, \u00f6l och andra drycker h\u00f6r till kr\u00e4ftskivan.<\/p>\n\n\n\n<h3 class=\"wp-block-heading\">Dekorationer och atmosf\u00e4r<\/h3>\n\n\n\n<p>Vi tar hand om festlokalens dekorationer och atmosf\u00e4r. Vi anv\u00e4nder r\u00f6da och vita dukar, ljus och lyktor f\u00f6r att skapa en st\u00e4mningsfull milj\u00f6. Kr\u00e4ftrelaterade dekorationer och rekvisita ger festen extra f\u00e4rg. Din uppgift \u00e4r bara att njuta!<\/p>\n\n\n\n<h4 class=\"wp-block-heading\">Aktiviteter och spel<\/h4>\n\n\n\n<p>Vi kan \u00e4ven arrangera <a href=\"https:\/\/airistospa.fi\/sv\/aktiviteter\/\" data-type=\"page\" data-id=\"205\">aktiviteter<\/a> och andra program som f\u00e5r g\u00e4sterna att trivas och delta.<\/p>\n\n\n\n<p><strong>Boka din kr\u00e4ftskiva hos oss nu!<\/strong><\/p>\n\n\n\n<p>Vi arrangerar of\u00f6rgl\u00f6mliga kr\u00e4ftskivor som skr\u00e4ddarsys efter dina behov. Med m\u00e5nga \u00e5rs erfarenhet s\u00e4kerst\u00e4ller vi att varje detalj \u00e4r omsorgsfullt omh\u00e4ndertagen. <a href=\"mailto:info@airistospa.fi\">Kontakta oss<\/a> och planera den perfekta kr\u00e4ftskivan tillsammans med oss!<\/p>\n<\/div><\/div>\n","protected":false},"excerpt":{"rendered":"<p>Anordna en perfekt kr\u00e4ftskiva hos oss Kr\u00e4ftskivan \u00e4r sommarens h\u00f6jdpunkt som samlar v\u00e4nner och familj f\u00f6r att njuta av god mat, dryck och s\u00e4llskap. Denna traditionella svenska fest h\u00e5lls vanligtvis i slutet av augusti eller i b\u00f6rjan av september, n\u00e4r kr\u00e4fts\u00e4songen \u00e4r som b\u00e4st. Perfekt festlokal Vi erbjuder fantastiska och trivsamma festlokaler som \u00e4r perfekta [&hellip;]<\/p>\n","protected":false},"author":1,"featured_media":7497,"parent":0,"menu_order":0,"comment_status":"closed","ping_status":"closed","template":"","meta":{"_uag_custom_page_level_css":"","site-sidebar-layout":"default","site-content-layout":"","ast-site-content-layout":"default","site-content-style":"default","site-sidebar-style":"default","ast-global-header-display":"","ast-banner-title-visibility":"","ast-main-header-display":"","ast-hfb-above-header-display":"","ast-hfb-below-header-display":"","ast-hfb-mobile-header-display":"","site-post-title":"","ast-breadcrumbs-content":"","ast-featured-img":"","footer-sml-layout":"","ast-disable-related-posts":"","theme-transparent-header-meta":"","adv-header-id-meta":"","stick-header-meta":"","header-above-stick-meta":"","header-main-stick-meta":"","header-below-stick-meta":"","astra-migrate-meta-layouts":"set","ast-page-background-enabled":"default","ast-page-background-meta":{"desktop":{"background-color":"","background-image":"","background-repeat":"repeat","background-position":"center center","background-size":"auto","background-attachment":"scroll","background-type":"","background-media":"","overlay-type":"","overlay-color":"","overlay-opacity":"","overlay-gradient":""},"tablet":{"background-color":"","background-image":"","background-repeat":"repeat","background-position":"center center","background-size":"auto","background-attachment":"scroll","background-type":"","background-media":"","overlay-type":"","overlay-color":"","overlay-opacity":"","overlay-gradient":""},"mobile":{"background-color":"","background-image":"","background-repeat":"repeat","background-position":"center center","background-size":"auto","background-attachment":"scroll","background-type":"","background-media":"","overlay-type":"","overlay-color":"","overlay-opacity":"","overlay-gradient":""}},"ast-content-background-meta":{"desktop":{"background-color":"var(--ast-global-color-5)","background-image":"","background-repeat":"repeat","background-position":"center center","background-size":"auto","background-attachment":"scroll","background-type":"","background-media":"","overlay-type":"","overlay-color":"","overlay-opacity":"","overlay-gradient":""},"tablet":{"background-color":"var(--ast-global-color-5)","background-image":"","background-repeat":"repeat","background-position":"center center","background-size":"auto","background-attachment":"scroll","background-type":"","background-media":"","overlay-type":"","overlay-color":"","overlay-opacity":"","overlay-gradient":""},"mobile":{"background-color":"var(--ast-global-color-5)","background-image":"","background-repeat":"repeat","background-position":"center center","background-size":"auto","background-attachment":"scroll","background-type":"","background-media":"","overlay-type":"","overlay-color":"","overlay-opacity":"","overlay-gradient":""}},"footnotes":""},"class_list":["post-7119","page","type-page","status-publish","has-post-thumbnail","hentry"],"spectra_custom_meta":{"_edit_lock":["1721817012:1"],"_wpml_word_count":["{\"total\":0,\"to_translate\":{\"en\":265,\"fi\":265,\"ru\":265,\"sv\":265}}"],"rank_math_seo_score":["75"],"rank_math_description":["Ordna en of\u00f6rgl\u00f6mlig kr\u00e4ftskiva i Airisto Spa! Fantastiska festlokaler, uts\u00f6kt mat och st\u00e4mningsfulla dekorationer. Boka nu och njut av sommarens h\u00f6jdpunkt."],"_uag_custom_page_level_css":[""],"ast-site-content-layout":["default"],"theme-transparent-header-meta":[""],"adv-header-id-meta":[""],"stick-header-meta":[""],"astra-migrate-meta-layouts":["set"],"footnotes":[""],"_edit_last":["1"],"rank_math_analytic_object_id":["100"],"_wpml_media_duplicate":["1"],"_wpml_media_featured":["1"],"_wp_page_template":[""],"_thumbnail_id":["7497"],"_last_translation_edit_mode":["native-editor"],"_wpml_media_has_media":["1"],"rank_math_focus_keyword":["kr\u00e4ftskiva"],"ast-main-header-display":[""],"footer-sml-layout":[""],"site-post-title":[""],"site-sidebar-layout":["default"],"site-content-layout":[""],"ast-featured-img":[""],"ast-breadcrumbs-content":[""],"ast-hfb-above-header-display":[""],"ast-hfb-below-header-display":[""],"ast-hfb-mobile-header-display":[""],"header-main-stick-meta":[""],"header-above-stick-meta":[""],"header-below-stick-meta":[""],"ast-banner-title-visibility":[""],"ast-global-header-display":[""],"site-content-style":["default"],"site-sidebar-style":["default"],"rank_math_internal_links_processed":["1"],"_uagb_previous_block_counts":["a:90:{s:21:\"uagb\/advanced-heading\";i:0;s:15:\"uagb\/blockquote\";i:0;s:12:\"uagb\/buttons\";i:0;s:18:\"uagb\/buttons-child\";i:0;s:19:\"uagb\/call-to-action\";i:0;s:15:\"uagb\/cf7-styler\";i:0;s:11:\"uagb\/column\";i:0;s:12:\"uagb\/columns\";i:0;s:14:\"uagb\/container\";i:1;s:21:\"uagb\/content-timeline\";i:0;s:27:\"uagb\/content-timeline-child\";i:0;s:14:\"uagb\/countdown\";i:0;s:12:\"uagb\/counter\";i:0;s:8:\"uagb\/faq\";i:0;s:14:\"uagb\/faq-child\";i:0;s:10:\"uagb\/forms\";i:0;s:17:\"uagb\/forms-accept\";i:0;s:19:\"uagb\/forms-checkbox\";i:0;s:15:\"uagb\/forms-date\";i:0;s:16:\"uagb\/forms-email\";i:0;s:17:\"uagb\/forms-hidden\";i:0;s:15:\"uagb\/forms-name\";i:0;s:16:\"uagb\/forms-phone\";i:0;s:16:\"uagb\/forms-radio\";i:0;s:17:\"uagb\/forms-select\";i:0;s:19:\"uagb\/forms-textarea\";i:0;s:17:\"uagb\/forms-toggle\";i:0;s:14:\"uagb\/forms-url\";i:0;s:14:\"uagb\/gf-styler\";i:0;s:15:\"uagb\/google-map\";i:0;s:11:\"uagb\/how-to\";i:0;s:16:\"uagb\/how-to-step\";i:0;s:9:\"uagb\/icon\";i:0;s:14:\"uagb\/icon-list\";i:0;s:20:\"uagb\/icon-list-child\";i:0;s:10:\"uagb\/image\";i:0;s:18:\"uagb\/image-gallery\";i:0;s:13:\"uagb\/info-box\";i:0;s:18:\"uagb\/inline-notice\";i:0;s:11:\"uagb\/lottie\";i:0;s:21:\"uagb\/marketing-button\";i:0;s:10:\"uagb\/modal\";i:0;s:18:\"uagb\/popup-builder\";i:0;s:16:\"uagb\/post-button\";i:0;s:18:\"uagb\/post-carousel\";i:0;s:17:\"uagb\/post-excerpt\";i:0;s:14:\"uagb\/post-grid\";i:0;s:15:\"uagb\/post-image\";i:0;s:17:\"uagb\/post-masonry\";i:0;s:14:\"uagb\/post-meta\";i:0;s:18:\"uagb\/post-taxonomy\";i:0;s:18:\"uagb\/post-timeline\";i:0;s:15:\"uagb\/post-title\";i:0;s:20:\"uagb\/restaurant-menu\";i:0;s:26:\"uagb\/restaurant-menu-child\";i:0;s:11:\"uagb\/review\";i:0;s:12:\"uagb\/section\";i:0;s:14:\"uagb\/separator\";i:0;s:11:\"uagb\/slider\";i:0;s:17:\"uagb\/slider-child\";i:0;s:17:\"uagb\/social-share\";i:0;s:23:\"uagb\/social-share-child\";i:0;s:16:\"uagb\/star-rating\";i:0;s:23:\"uagb\/sure-cart-checkout\";i:0;s:22:\"uagb\/sure-cart-product\";i:0;s:15:\"uagb\/sure-forms\";i:0;s:22:\"uagb\/table-of-contents\";i:0;s:9:\"uagb\/tabs\";i:0;s:15:\"uagb\/tabs-child\";i:0;s:18:\"uagb\/taxonomy-list\";i:0;s:9:\"uagb\/team\";i:0;s:16:\"uagb\/testimonial\";i:0;s:14:\"uagb\/wp-search\";i:0;s:19:\"uagb\/instagram-feed\";i:0;s:10:\"uagb\/login\";i:0;s:17:\"uagb\/loop-builder\";i:0;s:18:\"uagb\/loop-category\";i:0;s:20:\"uagb\/loop-pagination\";i:0;s:15:\"uagb\/loop-reset\";i:0;s:16:\"uagb\/loop-search\";i:0;s:14:\"uagb\/loop-sort\";i:0;s:17:\"uagb\/loop-wrapper\";i:0;s:13:\"uagb\/register\";i:0;s:19:\"uagb\/register-email\";i:0;s:24:\"uagb\/register-first-name\";i:0;s:23:\"uagb\/register-last-name\";i:0;s:22:\"uagb\/register-password\";i:0;s:30:\"uagb\/register-reenter-password\";i:0;s:19:\"uagb\/register-terms\";i:0;s:22:\"uagb\/register-username\";i:0;}"],"_uagb_last_spectra_edit":["1776795514"],"_uag_page_assets":["a:9:{s:3:\"css\";s:2433:\".wp-block-uagb-container.uagb-block-a3bf537a .uagb-container__shape-top svg{width: calc( 100% + 1.3px );}.wp-block-uagb-container.uagb-block-a3bf537a .uagb-container__shape.uagb-container__shape-top .uagb-container__shape-fill{fill: rgba(51,51,51,1);}.wp-block-uagb-container.uagb-block-a3bf537a .uagb-container__shape-bottom svg{width: calc( 100% + 1.3px );}.wp-block-uagb-container.uagb-block-a3bf537a .uagb-container__shape.uagb-container__shape-bottom .uagb-container__shape-fill{fill: rgba(51,51,51,1);}.wp-block-uagb-container.uagb-block-a3bf537a .uagb-container__video-wrap video{opacity: 1;}.wp-block-uagb-container.uagb-is-root-container .uagb-block-a3bf537a{max-width: 100%;width: 100%;}.wp-block-uagb-container.uagb-is-root-container.alignfull.uagb-block-a3bf537a > .uagb-container-inner-blocks-wrap{--inner-content-custom-width: min( 100%, 1200px);max-width: var(--inner-content-custom-width);width: 100%;flex-direction: column;align-items: center;justify-content: center;flex-wrap: nowrap;row-gap: 20px;column-gap: 20px;}.wp-block-uagb-container.uagb-block-a3bf537a{box-shadow: 0px 0px   #00000070 ;padding-top: 20px;padding-bottom: 20px;padding-left: 20px;padding-right: 20px;margin-top:  !important;margin-bottom:  !important;overflow: visible;order: initial;border-color: inherit;row-gap: 20px;column-gap: 20px;}@media only screen and (max-width: 976px) {.wp-block-uagb-container.uagb-is-root-container .uagb-block-a3bf537a{width: 100%;}.wp-block-uagb-container.uagb-is-root-container.alignfull.uagb-block-a3bf537a > .uagb-container-inner-blocks-wrap{--inner-content-custom-width: min( 100%, 1024px);max-width: var(--inner-content-custom-width);width: 100%;}.wp-block-uagb-container.uagb-block-a3bf537a{padding-top: 20px;padding-bottom: 20px;padding-left: 20px;padding-right: 20px;margin-top:  !important;margin-bottom:  !important;order: initial;}}@media only screen and (max-width: 767px) {.wp-block-uagb-container.uagb-is-root-container .uagb-block-a3bf537a{max-width: 100%;width: 100%;}.wp-block-uagb-container.uagb-is-root-container.alignfull.uagb-block-a3bf537a > .uagb-container-inner-blocks-wrap{--inner-content-custom-width: min( 100%, 767px);max-width: var(--inner-content-custom-width);width: 100%;flex-wrap: wrap;}.wp-block-uagb-container.uagb-block-a3bf537a{padding-top: 20px;padding-bottom: 20px;padding-left: 20px;padding-right: 20px;margin-top:  !important;margin-bottom:  !important;order: initial;}}\";s:2:\"js\";s:0:\"\";s:18:\"current_block_list\";a:3:{i:0;s:14:\"uagb\/container\";i:1;s:12:\"core\/heading\";i:2;s:14:\"core\/paragraph\";}s:8:\"uag_flag\";b:1;s:11:\"uag_version\";s:10:\"1776795755\";s:6:\"gfonts\";a:0:{}s:10:\"gfonts_url\";s:0:\"\";s:12:\"gfonts_files\";a:0:{}s:14:\"uag_faq_layout\";b:0;}"]},"uagb_featured_image_src":{"full":["https:\/\/airistospa.fi\/wp-content\/uploads\/2025\/08\/rapujuhlat-turun-saaristossa.jpg",1500,1000,false],"thumbnail":["https:\/\/airistospa.fi\/wp-content\/uploads\/2025\/08\/rapujuhlat-turun-saaristossa-150x150.jpg",150,150,true],"medium":["https:\/\/airistospa.fi\/wp-content\/uploads\/2025\/08\/rapujuhlat-turun-saaristossa-300x200.jpg",300,200,true],"medium_large":["https:\/\/airistospa.fi\/wp-content\/uploads\/2025\/08\/rapujuhlat-turun-saaristossa-768x512.jpg",768,512,true],"large":["https:\/\/airistospa.fi\/wp-content\/uploads\/2025\/08\/rapujuhlat-turun-saaristossa-1024x683.jpg",1024,683,true],"1536x1536":["https:\/\/airistospa.fi\/wp-content\/uploads\/2025\/08\/rapujuhlat-turun-saaristossa.jpg",1500,1000,false],"2048x2048":["https:\/\/airistospa.fi\/wp-content\/uploads\/2025\/08\/rapujuhlat-turun-saaristossa.jpg",1500,1000,false]},"uagb_author_info":{"display_name":"Frank","author_link":"https:\/\/airistospa.fi\/sv\/author\/dzfrank\/"},"uagb_comment_info":0,"uagb_excerpt":"Anordna en perfekt kr\u00e4ftskiva hos oss Kr\u00e4ftskivan \u00e4r sommarens h\u00f6jdpunkt som samlar v\u00e4nner och familj f\u00f6r att njuta av god mat, dryck och s\u00e4llskap. Denna traditionella svenska fest h\u00e5lls vanligtvis i slutet av augusti eller i b\u00f6rjan av september, n\u00e4r kr\u00e4fts\u00e4songen \u00e4r som b\u00e4st. Perfekt festlokal Vi erbjuder fantastiska och trivsamma festlokaler som \u00e4r perfekta&hellip;","_links":{"self":[{"href":"https:\/\/airistospa.fi\/sv\/wp-json\/wp\/v2\/pages\/7119","targetHints":{"allow":["GET"]}}],"collection":[{"href":"https:\/\/airistospa.fi\/sv\/wp-json\/wp\/v2\/pages"}],"about":[{"href":"https:\/\/airistospa.fi\/sv\/wp-json\/wp\/v2\/types\/page"}],"author":[{"embeddable":true,"href":"https:\/\/airistospa.fi\/sv\/wp-json\/wp\/v2\/users\/1"}],"replies":[{"embeddable":true,"href":"https:\/\/airistospa.fi\/sv\/wp-json\/wp\/v2\/comments?post=7119"}],"version-history":[{"count":0,"href":"https:\/\/airistospa.fi\/sv\/wp-json\/wp\/v2\/pages\/7119\/revisions"}],"wp:featuredmedia":[{"embeddable":true,"href":"https:\/\/airistospa.fi\/sv\/wp-json\/wp\/v2\/media\/7497"}],"wp:attachment":[{"href":"https:\/\/airistospa.fi\/sv\/wp-json\/wp\/v2\/media?parent=7119"}],"curies":[{"name":"wp","href":"https:\/\/api.w.org\/{rel}","templated":true}]}}