{"id":7178,"date":"2024-09-04T22:37:02","date_gmt":"2024-09-04T19:37:02","guid":{"rendered":"https:\/\/airistospa.fi\/?page_id=7178"},"modified":"2025-05-26T23:22:07","modified_gmt":"2025-05-26T20:22:07","slug":"brollopsfest-abolands-skargard","status":"publish","type":"page","link":"https:\/\/airistospa.fi\/sv\/tjanster\/brollopsfest-abolands-skargard\/","title":{"rendered":"Avslappnande br\u00f6llopsfest i \u00c5bolands sk\u00e4rg\u00e5rd"},"content":{"rendered":"\n<div class=\"wp-block-uagb-container uagb-block-e43e21c4 alignfull uagb-is-root-container\"><div class=\"uagb-container-inner-blocks-wrap\">\n<h2 class=\"wp-block-heading\">M\u00e5ngsidig festplats f\u00f6r br\u00f6llop<\/h2>\n\n\n\n<p><strong>Airisto Spa<\/strong>&nbsp;erbjuder fantastiska och m\u00e5ngsidiga <a href=\"https:\/\/airistospa.fi\/sv\/tjanster\/brollop-och-fester\/\" data-type=\"page\" data-id=\"822\">festlokaliteter<\/a> f\u00f6r ett sk\u00e4rg\u00e5rdsbetonat och st\u00e4mningsfullt br\u00f6llop. P\u00e5 v\u00e5r sandstrand kan du arrangera en avslappnad fest med en fantastisk solnedg\u00e5ng. Anl\u00e4nd till festplatsen t.ex. med charterb\u00e5t!<strong>&nbsp;<\/strong>Endast 45 minuters bilresa fr\u00e5n \u00c5bo. Den maritima sk\u00e4rg\u00e5rdsst\u00e4mningen \u00e4r l\u00e4ttillg\u00e4nglig.<\/p>\n\n\n\n<h3 class=\"wp-block-heading\">God mat, b\u00e4ttre fest<\/h3>\n\n\n\n<p>Vi tar hand om matbestyren f\u00f6r er del och i v\u00e5rt urval finns r\u00e4tter som passar m\u00e5nga smaker och dukningar. V\u00e5r samarbetspartner ser till att ni f\u00e5r en vacker och v\u00e4lsmakande br\u00f6llopst\u00e5rta.<\/p>\n\n\n\n<h3 class=\"wp-block-heading\">Inkvartering och festlokal<\/h3>\n\n\n\n<p><strong>Airisto Spa<\/strong>&nbsp;erbjuder boende f\u00f6r ett st\u00f6rre antal g\u00e4ster. Festdeltagarna kan bo i <a href=\"https:\/\/airistospa.fi\/sv\/tjanster\/inkvartering\/\" data-type=\"page\" data-id=\"358\">stugor<\/a> eller p\u00e5 hotellet som ligger alldeles i n\u00e4rheten.<br><br>Under festen har ni tillg\u00e5ng till den uppv\u00e4rmda och inglasade terrassen, den stora uteterrassen, samt v\u00e5ra spa-utrymmen med bastur, pool och jacuzzin. Dessutom finns som sagt v\u00e5r egen sandstrand till ert f\u00f6rfogande.<\/p>\n\n\n\n<h4 class=\"wp-block-heading\">Exempel p\u00e5 br\u00f6llopspaket<\/h4>\n\n\n\n<p>Alla utrymmen + bastur och pooler fr\u00e5n eftermiddagen till kl. 24.00. N\u00e4sta dag -50%. Dukning och st\u00e4dning ing\u00e5r. Egna utrymmen f\u00f6r brudparet. Priset inkluderar en timmes planeringsm\u00f6te.<\/p>\n\n\n\n<p><strong>Pris:\u00a01300 \u20ac + mat\u00a050 \u20ac \/ person<\/strong><\/p>\n\n\n\n<h3 class=\"wp-block-heading\">Till\u00e4ggstj\u00e4nster<\/h3>\n\n\n\n<ul class=\"wp-block-list\">\n<li>Stugboende fr\u00e5n 150 \u20ac \/ stuga<\/li>\n\n\n\n<li>Hotellboende<\/li>\n\n\n\n<li>Fotograf<\/li>\n\n\n\n<li>Br\u00f6llopst\u00e5rta<\/li>\n\n\n\n<li>Festdekoration<\/li>\n\n\n\n<li>Festt\u00e4lt<\/li>\n\n\n\n<li>Livemusik<\/li>\n\n\n\n<li>St\u00e4davgift 150 \u20ac (ifall ni har egen catering)<\/li>\n<\/ul>\n<\/div><\/div>\n","protected":false},"excerpt":{"rendered":"<p>M\u00e5ngsidig festplats f\u00f6r br\u00f6llop Airisto Spa&nbsp;erbjuder fantastiska och m\u00e5ngsidiga festlokaliteter f\u00f6r ett sk\u00e4rg\u00e5rdsbetonat och st\u00e4mningsfullt br\u00f6llop. P\u00e5 v\u00e5r sandstrand kan du arrangera en avslappnad fest med en fantastisk solnedg\u00e5ng. Anl\u00e4nd till festplatsen t.ex. med charterb\u00e5t!&nbsp;Endast 45 minuters bilresa fr\u00e5n \u00c5bo. Den maritima sk\u00e4rg\u00e5rdsst\u00e4mningen \u00e4r l\u00e4ttillg\u00e4nglig. God mat, b\u00e4ttre fest Vi tar hand om matbestyren f\u00f6r [&hellip;]<\/p>\n","protected":false},"author":1,"featured_media":0,"parent":190,"menu_order":0,"comment_status":"closed","ping_status":"closed","template":"","meta":{"_uag_custom_page_level_css":"","site-sidebar-layout":"default","site-content-layout":"","ast-site-content-layout":"default","site-content-style":"default","site-sidebar-style":"default","ast-global-header-display":"","ast-banner-title-visibility":"","ast-main-header-display":"","ast-hfb-above-header-display":"","ast-hfb-below-header-display":"","ast-hfb-mobile-header-display":"","site-post-title":"","ast-breadcrumbs-content":"","ast-featured-img":"","footer-sml-layout":"","ast-disable-related-posts":"","theme-transparent-header-meta":"","adv-header-id-meta":"","stick-header-meta":"","header-above-stick-meta":"","header-main-stick-meta":"","header-below-stick-meta":"","astra-migrate-meta-layouts":"set","ast-page-background-enabled":"default","ast-page-background-meta":{"desktop":{"background-color":"","background-image":"","background-repeat":"repeat","background-position":"center center","background-size":"auto","background-attachment":"scroll","background-type":"","background-media":"","overlay-type":"","overlay-color":"","overlay-opacity":"","overlay-gradient":""},"tablet":{"background-color":"","background-image":"","background-repeat":"repeat","background-position":"center center","background-size":"auto","background-attachment":"scroll","background-type":"","background-media":"","overlay-type":"","overlay-color":"","overlay-opacity":"","overlay-gradient":""},"mobile":{"background-color":"","background-image":"","background-repeat":"repeat","background-position":"center center","background-size":"auto","background-attachment":"scroll","background-type":"","background-media":"","overlay-type":"","overlay-color":"","overlay-opacity":"","overlay-gradient":""}},"ast-content-background-meta":{"desktop":{"background-color":"var(--ast-global-color-5)","background-image":"","background-repeat":"repeat","background-position":"center center","background-size":"auto","background-attachment":"scroll","background-type":"","background-media":"","overlay-type":"","overlay-color":"","overlay-opacity":"","overlay-gradient":""},"tablet":{"background-color":"var(--ast-global-color-5)","background-image":"","background-repeat":"repeat","background-position":"center center","background-size":"auto","background-attachment":"scroll","background-type":"","background-media":"","overlay-type":"","overlay-color":"","overlay-opacity":"","overlay-gradient":""},"mobile":{"background-color":"var(--ast-global-color-5)","background-image":"","background-repeat":"repeat","background-position":"center center","background-size":"auto","background-attachment":"scroll","background-type":"","background-media":"","overlay-type":"","overlay-color":"","overlay-opacity":"","overlay-gradient":""}},"footnotes":""},"class_list":["post-7178","page","type-page","status-publish","hentry"],"spectra_custom_meta":{"_edit_lock":["1748290930:1"],"_wpml_word_count":["256"],"rank_math_seo_score":["59"],"rank_math_lock_modified_date":[""],"_uag_custom_page_level_css":[""],"ast-site-content-layout":["default"],"theme-transparent-header-meta":[""],"adv-header-id-meta":[""],"stick-header-meta":[""],"astra-migrate-meta-layouts":["set"],"footnotes":[""],"_edit_last":["1"],"rank_math_analytic_object_id":["103"],"_wpml_media_duplicate":["1"],"_wpml_media_featured":["1"],"_wp_page_template":[""],"_last_translation_edit_mode":["native-editor"],"_wpml_media_has_media":["1"],"rank_math_focus_keyword":["br\u00f6llopsfest"],"rank_math_description":["Airisto Spa erbjuder fantastiska lokaliteter f\u00f6r en avslappnad och st\u00e4mningsfull br\u00f6llopsfest i \u00c5bolands sk\u00e4rg\u00e5rd och den uts\u00f6kta maten g\u00f6r din fest of\u00f6rgl\u00f6mlig."],"ast-main-header-display":[""],"footer-sml-layout":[""],"site-post-title":[""],"site-sidebar-layout":["default"],"site-content-layout":[""],"ast-featured-img":[""],"ast-breadcrumbs-content":[""],"ast-hfb-above-header-display":[""],"ast-hfb-below-header-display":[""],"ast-hfb-mobile-header-display":[""],"header-main-stick-meta":[""],"header-above-stick-meta":[""],"header-below-stick-meta":[""],"ast-banner-title-visibility":[""],"ast-global-header-display":[""],"site-content-style":["default"],"site-sidebar-style":["default"],"ast-page-background-enabled":["default"],"ast-page-background-meta":["a:3:{s:7:\"desktop\";a:12:{s:16:\"background-color\";s:0:\"\";s:16:\"background-image\";s:0:\"\";s:17:\"background-repeat\";s:6:\"repeat\";s:19:\"background-position\";s:13:\"center center\";s:15:\"background-size\";s:4:\"auto\";s:21:\"background-attachment\";s:6:\"scroll\";s:15:\"background-type\";s:0:\"\";s:16:\"background-media\";s:0:\"\";s:12:\"overlay-type\";s:0:\"\";s:13:\"overlay-color\";s:0:\"\";s:15:\"overlay-opacity\";s:0:\"\";s:16:\"overlay-gradient\";s:0:\"\";}s:6:\"tablet\";a:12:{s:16:\"background-color\";s:0:\"\";s:16:\"background-image\";s:0:\"\";s:17:\"background-repeat\";s:6:\"repeat\";s:19:\"background-position\";s:13:\"center center\";s:15:\"background-size\";s:4:\"auto\";s:21:\"background-attachment\";s:6:\"scroll\";s:15:\"background-type\";s:0:\"\";s:16:\"background-media\";s:0:\"\";s:12:\"overlay-type\";s:0:\"\";s:13:\"overlay-color\";s:0:\"\";s:15:\"overlay-opacity\";s:0:\"\";s:16:\"overlay-gradient\";s:0:\"\";}s:6:\"mobile\";a:12:{s:16:\"background-color\";s:0:\"\";s:16:\"background-image\";s:0:\"\";s:17:\"background-repeat\";s:6:\"repeat\";s:19:\"background-position\";s:13:\"center center\";s:15:\"background-size\";s:4:\"auto\";s:21:\"background-attachment\";s:6:\"scroll\";s:15:\"background-type\";s:0:\"\";s:16:\"background-media\";s:0:\"\";s:12:\"overlay-type\";s:0:\"\";s:13:\"overlay-color\";s:0:\"\";s:15:\"overlay-opacity\";s:0:\"\";s:16:\"overlay-gradient\";s:0:\"\";}}"],"ast-content-background-meta":["a:3:{s:7:\"desktop\";a:12:{s:16:\"background-color\";s:25:\"var(--ast-global-color-5)\";s:16:\"background-image\";s:0:\"\";s:17:\"background-repeat\";s:6:\"repeat\";s:19:\"background-position\";s:13:\"center center\";s:15:\"background-size\";s:4:\"auto\";s:21:\"background-attachment\";s:6:\"scroll\";s:15:\"background-type\";s:0:\"\";s:16:\"background-media\";s:0:\"\";s:12:\"overlay-type\";s:0:\"\";s:13:\"overlay-color\";s:0:\"\";s:15:\"overlay-opacity\";s:0:\"\";s:16:\"overlay-gradient\";s:0:\"\";}s:6:\"tablet\";a:12:{s:16:\"background-color\";s:25:\"var(--ast-global-color-5)\";s:16:\"background-image\";s:0:\"\";s:17:\"background-repeat\";s:6:\"repeat\";s:19:\"background-position\";s:13:\"center center\";s:15:\"background-size\";s:4:\"auto\";s:21:\"background-attachment\";s:6:\"scroll\";s:15:\"background-type\";s:0:\"\";s:16:\"background-media\";s:0:\"\";s:12:\"overlay-type\";s:0:\"\";s:13:\"overlay-color\";s:0:\"\";s:15:\"overlay-opacity\";s:0:\"\";s:16:\"overlay-gradient\";s:0:\"\";}s:6:\"mobile\";a:12:{s:16:\"background-color\";s:25:\"var(--ast-global-color-5)\";s:16:\"background-image\";s:0:\"\";s:17:\"background-repeat\";s:6:\"repeat\";s:19:\"background-position\";s:13:\"center center\";s:15:\"background-size\";s:4:\"auto\";s:21:\"background-attachment\";s:6:\"scroll\";s:15:\"background-type\";s:0:\"\";s:16:\"background-media\";s:0:\"\";s:12:\"overlay-type\";s:0:\"\";s:13:\"overlay-color\";s:0:\"\";s:15:\"overlay-opacity\";s:0:\"\";s:16:\"overlay-gradient\";s:0:\"\";}}"],"rank_math_robots":["a:1:{i:0;s:5:\"index\";}"],"rank_math_internal_links_processed":["1"],"_uagb_previous_block_counts":["a:90:{s:21:\"uagb\/advanced-heading\";i:0;s:15:\"uagb\/blockquote\";i:0;s:12:\"uagb\/buttons\";i:0;s:18:\"uagb\/buttons-child\";i:0;s:19:\"uagb\/call-to-action\";i:0;s:15:\"uagb\/cf7-styler\";i:0;s:11:\"uagb\/column\";i:0;s:12:\"uagb\/columns\";i:0;s:14:\"uagb\/container\";i:1;s:21:\"uagb\/content-timeline\";i:0;s:27:\"uagb\/content-timeline-child\";i:0;s:14:\"uagb\/countdown\";i:0;s:12:\"uagb\/counter\";i:0;s:8:\"uagb\/faq\";i:0;s:14:\"uagb\/faq-child\";i:0;s:10:\"uagb\/forms\";i:0;s:17:\"uagb\/forms-accept\";i:0;s:19:\"uagb\/forms-checkbox\";i:0;s:15:\"uagb\/forms-date\";i:0;s:16:\"uagb\/forms-email\";i:0;s:17:\"uagb\/forms-hidden\";i:0;s:15:\"uagb\/forms-name\";i:0;s:16:\"uagb\/forms-phone\";i:0;s:16:\"uagb\/forms-radio\";i:0;s:17:\"uagb\/forms-select\";i:0;s:19:\"uagb\/forms-textarea\";i:0;s:17:\"uagb\/forms-toggle\";i:0;s:14:\"uagb\/forms-url\";i:0;s:14:\"uagb\/gf-styler\";i:0;s:15:\"uagb\/google-map\";i:0;s:11:\"uagb\/how-to\";i:0;s:16:\"uagb\/how-to-step\";i:0;s:9:\"uagb\/icon\";i:0;s:14:\"uagb\/icon-list\";i:0;s:20:\"uagb\/icon-list-child\";i:0;s:10:\"uagb\/image\";i:0;s:18:\"uagb\/image-gallery\";i:0;s:13:\"uagb\/info-box\";i:0;s:18:\"uagb\/inline-notice\";i:0;s:11:\"uagb\/lottie\";i:0;s:21:\"uagb\/marketing-button\";i:0;s:10:\"uagb\/modal\";i:0;s:18:\"uagb\/popup-builder\";i:0;s:16:\"uagb\/post-button\";i:0;s:18:\"uagb\/post-carousel\";i:0;s:17:\"uagb\/post-excerpt\";i:0;s:14:\"uagb\/post-grid\";i:0;s:15:\"uagb\/post-image\";i:0;s:17:\"uagb\/post-masonry\";i:0;s:14:\"uagb\/post-meta\";i:0;s:18:\"uagb\/post-taxonomy\";i:0;s:18:\"uagb\/post-timeline\";i:0;s:15:\"uagb\/post-title\";i:0;s:20:\"uagb\/restaurant-menu\";i:0;s:26:\"uagb\/restaurant-menu-child\";i:0;s:11:\"uagb\/review\";i:0;s:12:\"uagb\/section\";i:0;s:14:\"uagb\/separator\";i:0;s:11:\"uagb\/slider\";i:0;s:17:\"uagb\/slider-child\";i:0;s:17:\"uagb\/social-share\";i:0;s:23:\"uagb\/social-share-child\";i:0;s:16:\"uagb\/star-rating\";i:0;s:23:\"uagb\/sure-cart-checkout\";i:0;s:22:\"uagb\/sure-cart-product\";i:0;s:15:\"uagb\/sure-forms\";i:0;s:22:\"uagb\/table-of-contents\";i:0;s:9:\"uagb\/tabs\";i:0;s:15:\"uagb\/tabs-child\";i:0;s:18:\"uagb\/taxonomy-list\";i:0;s:9:\"uagb\/team\";i:0;s:16:\"uagb\/testimonial\";i:0;s:14:\"uagb\/wp-search\";i:0;s:19:\"uagb\/instagram-feed\";i:0;s:10:\"uagb\/login\";i:0;s:17:\"uagb\/loop-builder\";i:0;s:18:\"uagb\/loop-category\";i:0;s:20:\"uagb\/loop-pagination\";i:0;s:15:\"uagb\/loop-reset\";i:0;s:16:\"uagb\/loop-search\";i:0;s:14:\"uagb\/loop-sort\";i:0;s:17:\"uagb\/loop-wrapper\";i:0;s:13:\"uagb\/register\";i:0;s:19:\"uagb\/register-email\";i:0;s:24:\"uagb\/register-first-name\";i:0;s:23:\"uagb\/register-last-name\";i:0;s:22:\"uagb\/register-password\";i:0;s:30:\"uagb\/register-reenter-password\";i:0;s:19:\"uagb\/register-terms\";i:0;s:22:\"uagb\/register-username\";i:0;}"],"_uagb_last_spectra_edit":["1776795514"],"_uag_page_assets":["a:9:{s:3:\"css\";s:2433:\".wp-block-uagb-container.uagb-block-e43e21c4 .uagb-container__shape-top svg{width: calc( 100% + 1.3px );}.wp-block-uagb-container.uagb-block-e43e21c4 .uagb-container__shape.uagb-container__shape-top .uagb-container__shape-fill{fill: rgba(51,51,51,1);}.wp-block-uagb-container.uagb-block-e43e21c4 .uagb-container__shape-bottom svg{width: calc( 100% + 1.3px );}.wp-block-uagb-container.uagb-block-e43e21c4 .uagb-container__shape.uagb-container__shape-bottom .uagb-container__shape-fill{fill: rgba(51,51,51,1);}.wp-block-uagb-container.uagb-block-e43e21c4 .uagb-container__video-wrap video{opacity: 1;}.wp-block-uagb-container.uagb-is-root-container .uagb-block-e43e21c4{max-width: 100%;width: 100%;}.wp-block-uagb-container.uagb-is-root-container.alignfull.uagb-block-e43e21c4 > .uagb-container-inner-blocks-wrap{--inner-content-custom-width: min( 100%, 1200px);max-width: var(--inner-content-custom-width);width: 100%;flex-direction: column;align-items: center;justify-content: center;flex-wrap: nowrap;row-gap: 20px;column-gap: 20px;}.wp-block-uagb-container.uagb-block-e43e21c4{box-shadow: 0px 0px   #00000070 ;padding-top: 20px;padding-bottom: 20px;padding-left: 20px;padding-right: 20px;margin-top:  !important;margin-bottom:  !important;overflow: visible;order: initial;border-color: inherit;row-gap: 20px;column-gap: 20px;}@media only screen and (max-width: 976px) {.wp-block-uagb-container.uagb-is-root-container .uagb-block-e43e21c4{width: 100%;}.wp-block-uagb-container.uagb-is-root-container.alignfull.uagb-block-e43e21c4 > .uagb-container-inner-blocks-wrap{--inner-content-custom-width: min( 100%, 1024px);max-width: var(--inner-content-custom-width);width: 100%;}.wp-block-uagb-container.uagb-block-e43e21c4{padding-top: 20px;padding-bottom: 20px;padding-left: 20px;padding-right: 20px;margin-top:  !important;margin-bottom:  !important;order: initial;}}@media only screen and (max-width: 767px) {.wp-block-uagb-container.uagb-is-root-container .uagb-block-e43e21c4{max-width: 100%;width: 100%;}.wp-block-uagb-container.uagb-is-root-container.alignfull.uagb-block-e43e21c4 > .uagb-container-inner-blocks-wrap{--inner-content-custom-width: min( 100%, 767px);max-width: var(--inner-content-custom-width);width: 100%;flex-wrap: wrap;}.wp-block-uagb-container.uagb-block-e43e21c4{padding-top: 20px;padding-bottom: 20px;padding-left: 20px;padding-right: 20px;margin-top:  !important;margin-bottom:  !important;order: initial;}}\";s:2:\"js\";s:0:\"\";s:18:\"current_block_list\";a:5:{i:0;s:14:\"uagb\/container\";i:1;s:12:\"core\/heading\";i:2;s:14:\"core\/paragraph\";i:3;s:9:\"core\/list\";i:4;s:14:\"core\/list-item\";}s:8:\"uag_flag\";b:1;s:11:\"uag_version\";s:10:\"1776958190\";s:6:\"gfonts\";a:0:{}s:10:\"gfonts_url\";s:0:\"\";s:12:\"gfonts_files\";a:0:{}s:14:\"uag_faq_layout\";b:0;}"]},"uagb_featured_image_src":{"full":false,"thumbnail":false,"medium":false,"medium_large":false,"large":false,"1536x1536":false,"2048x2048":false},"uagb_author_info":{"display_name":"Frank","author_link":"https:\/\/airistospa.fi\/sv\/author\/dzfrank\/"},"uagb_comment_info":0,"uagb_excerpt":"M\u00e5ngsidig festplats f\u00f6r br\u00f6llop Airisto Spa&nbsp;erbjuder fantastiska och m\u00e5ngsidiga festlokaliteter f\u00f6r ett sk\u00e4rg\u00e5rdsbetonat och st\u00e4mningsfullt br\u00f6llop. P\u00e5 v\u00e5r sandstrand kan du arrangera en avslappnad fest med en fantastisk solnedg\u00e5ng. Anl\u00e4nd till festplatsen t.ex. med charterb\u00e5t!&nbsp;Endast 45 minuters bilresa fr\u00e5n \u00c5bo. Den maritima sk\u00e4rg\u00e5rdsst\u00e4mningen \u00e4r l\u00e4ttillg\u00e4nglig. God mat, b\u00e4ttre fest Vi tar hand om matbestyren f\u00f6r&hellip;","_links":{"self":[{"href":"https:\/\/airistospa.fi\/sv\/wp-json\/wp\/v2\/pages\/7178","targetHints":{"allow":["GET"]}}],"collection":[{"href":"https:\/\/airistospa.fi\/sv\/wp-json\/wp\/v2\/pages"}],"about":[{"href":"https:\/\/airistospa.fi\/sv\/wp-json\/wp\/v2\/types\/page"}],"author":[{"embeddable":true,"href":"https:\/\/airistospa.fi\/sv\/wp-json\/wp\/v2\/users\/1"}],"replies":[{"embeddable":true,"href":"https:\/\/airistospa.fi\/sv\/wp-json\/wp\/v2\/comments?post=7178"}],"version-history":[{"count":0,"href":"https:\/\/airistospa.fi\/sv\/wp-json\/wp\/v2\/pages\/7178\/revisions"}],"up":[{"embeddable":true,"href":"https:\/\/airistospa.fi\/sv\/wp-json\/wp\/v2\/pages\/190"}],"wp:attachment":[{"href":"https:\/\/airistospa.fi\/sv\/wp-json\/wp\/v2\/media?parent=7178"}],"curies":[{"name":"wp","href":"https:\/\/api.w.org\/{rel}","templated":true}]}}