{"id":822,"date":"2014-02-25T10:24:36","date_gmt":"2014-02-25T08:24:36","guid":{"rendered":"http:\/\/airistospa.fi\/aspa14\/?page_id=822"},"modified":"2026-02-06T13:28:17","modified_gmt":"2026-02-06T11:28:17","slug":"brollop-och-fester","status":"publish","type":"page","link":"https:\/\/airistospa.fi\/sv\/tjanster\/brollop-och-fester\/","title":{"rendered":"Br\u00f6llop och fester"},"content":{"rendered":"\n<div class=\"wp-block-uagb-container uagb-block-d3abd2a2 alignfull uagb-is-root-container\"><div class=\"uagb-container-inner-blocks-wrap\">\n<div class=\"wp-block-uagb-container uagb-block-12dec250\">\n<h2 class=\"wp-block-heading\">Festplats i \u00c5bolands sk\u00e4rg\u00e5rd<\/h2>\n\n\n\n<p>Vill du att din fest skall inneh\u00e5lla intim elegans och en sofistikerad st\u00e4mning? Eller kanske vill ha mera fling och glitter? Vill du spendera din f\u00f6delsedag eller svensexa med h\u00f6g standard i den vackraste sk\u00e4rg\u00e5rden, njutandes i en jacuzzi, men \u00e4nd\u00e5 p\u00e5 ett l\u00e4ttillg\u00e4ngligt st\u00e4lle? Eller har du i dr\u00f6mmarna ett br\u00f6llop p\u00e5 stranden med solnedg\u00e5ng vid horisonten.<\/p>\n\n\n\n<h3 class=\"wp-block-heading\">Festutrymmen med god standard<\/h3>\n\n\n\n<p>Br\u00f6llop \u00e4r ett av de mest minnesv\u00e4rda h\u00e4ndelserna i ditt liv. Ordna ett k\u00e4nslom\u00e4ssigt och intimt br\u00f6llop i en sann, men ocks\u00e5 l\u00e4tttillg\u00e4nglig sk\u00e4rg\u00e5rdsmilj\u00f6. V\u00e5ra festutrymmen h\u00e5ller god standard, de \u00e4r rena och verkligen i sk\u00e4rg\u00e5rdsanda.<\/p>\n\n\n\n<p>V\u00e4lj st\u00e4lle bland olika stilar och storlekar d\u00e5 du planerar din unika och f\u00f6r evigt ih\u00e5gkomna fest. Kanske p\u00e5 en lyxig villa i \u00e4kta sk\u00e4rg\u00e5rdsatmosf\u00e4r eller ett fartfyllt beachparty p\u00e5 sandstranden. Platsen passar ypperligt \u00e4ven f\u00f6r en kr\u00e4ftskiva.<\/p>\n\n\n\n<p><b>Hela festpaketet fr\u00e5n oss<\/b><br>Vi kan ordna riktigt fina och olika typs fester med hj\u00e4lp av v\u00e5ra samarbetspartners, fr\u00e5n b\u00f6rjan till slut.<\/p>\n\n\n\n<h5 class=\"wp-block-heading\">En minnesv\u00e4rd svensexa i \u00c5bo sk\u00e4rg\u00e5rd<\/h5>\n\n\n\n<p>Nu alla t\u00e4rnor, bestm\u00e4n och de blivande brudens \/ brudgummens v\u00e4nner: V\u00e4ckning! Ordna en svensexa f\u00f6r din v\u00e4n som fastnar i allas minne. Inte om hur han\/hon sk\u00e4mdes ut utan hur bra och hur lyckat allt var, och i vilken milj\u00f6!<\/p>\n\n\n\n<figure class=\"wp-block-image size-large\"><a href=\"https:\/\/airistospa.fi\/wp-content\/uploads\/2024\/01\/airistospa-ruokapoyta-1024x684.jpg\"><img decoding=\"async\" src=\"https:\/\/airistospa.fi\/wp-content\/uploads\/2024\/01\/airistospa-ruokapoyta-1024x684.jpg\" alt=\"Airisto Spa - Ruokap\u00f6yt\u00e4\" class=\"wp-image-6963\" title=\"\"><\/a><\/figure>\n\n\n\n<h4 class=\"wp-block-heading\">Unika platser i n\u00e4rheten av \u00c5bo<\/h4>\n\n\n\n<p>Vi kan erbjuda dig de beh\u00f6vliga utrymmen och tj\u00e4nster f\u00f6r en lyxig och sj\u00e4lvbetj\u00e4nad svensexa. Stora villor med badtunnor, sp\u00e4nnande vattenaktiviteter eller kanske en mer traditionell brudbastu med avslappnande massage. Mat kan ordnas flexibelt enligt olika smak och tycken.<\/p>\n\n\n\n<p>Allt naturligtvis i god stil och bara 45 minuters bilf\u00e4rd fr\u00e5n \u00c5bo, \u00e5ret om. \u2028Alla \u00e4r enligt dina \u00f6nskem\u00e5l.<\/p>\n\n\n\n<p><a href=\"mailto:info@airistospa.fi\">Tveka inte att kontakta oss!<\/a><\/p>\n<\/div>\n\n\n\n<div class=\"wp-block-uagb-container uagb-block-bf626296\">\n<h4 class=\"wp-block-heading\">Exempel<\/h4>\n\n\n\n<ul class=\"wp-block-list\">\n<li>Barnkalas<\/li>\n\n\n\n<li>Brudbastu<\/li>\n\n\n\n<li>Temafester<\/li>\n\n\n\n<li><a href=\"https:\/\/airistospa.fi\/sv\/kraftskiva-i-abolands-skargard\/\" data-type=\"page\" data-id=\"7119\">Kr\u00e4ftskivor<\/a><\/li>\n\n\n\n<li>Pensioneringsfester<\/li>\n\n\n\n<li>Svensexa<\/li>\n\n\n\n<li>Examenfester<\/li>\n<\/ul>\n\n\n\n<h5 class=\"wp-block-heading\">Info<\/h5>\n\n\n\n<p>&#8211; eget drickbart<br>&#8211; catering -tj\u00e4nster<br>&#8211; fylldkakor<br>&#8211; bestick<br>&#8211; k\u00f6k med spis, diskmaskin etc.<br>&#8211; levande music<br>&#8211; standup<br>&#8211; br\u00f6llopstransporter<br>&#8211; slutst\u00e4dning<\/p>\n\n\n\n<p><strong>Egna drycker till\u00e5tna!<\/strong><\/p>\n<\/div>\n<\/div><\/div>\n","protected":false},"excerpt":{"rendered":"<p>V\u00e4lj st\u00e4lle bland olika stilar och storlekar d\u00e5 du planerar din unika och f\u00f6r evigt ih\u00e5gkomna fest.<\/p>\n","protected":false},"author":1,"featured_media":8003,"parent":190,"menu_order":0,"comment_status":"closed","ping_status":"closed","template":"","meta":{"_uag_custom_page_level_css":"","site-sidebar-layout":"no-sidebar","site-content-layout":"plain-container","ast-site-content-layout":"normal-width-container","site-content-style":"unboxed","site-sidebar-style":"unboxed","ast-global-header-display":"","ast-banner-title-visibility":"","ast-main-header-display":"","ast-hfb-above-header-display":"","ast-hfb-below-header-display":"","ast-hfb-mobile-header-display":"","site-post-title":"disabled","ast-breadcrumbs-content":"","ast-featured-img":"","footer-sml-layout":"","ast-disable-related-posts":"","theme-transparent-header-meta":"default","adv-header-id-meta":"","stick-header-meta":"default","header-above-stick-meta":"","header-main-stick-meta":"","header-below-stick-meta":"","astra-migrate-meta-layouts":"set","ast-page-background-enabled":"default","ast-page-background-meta":{"desktop":{"background-color":"","background-image":"","background-repeat":"repeat","background-position":"center center","background-size":"auto","background-attachment":"scroll","background-type":"","background-media":"","overlay-type":"","overlay-color":"","overlay-opacity":"","overlay-gradient":""},"tablet":{"background-color":"","background-image":"","background-repeat":"repeat","background-position":"center center","background-size":"auto","background-attachment":"scroll","background-type":"","background-media":"","overlay-type":"","overlay-color":"","overlay-opacity":"","overlay-gradient":""},"mobile":{"background-color":"","background-image":"","background-repeat":"repeat","background-position":"center center","background-size":"auto","background-attachment":"scroll","background-type":"","background-media":"","overlay-type":"","overlay-color":"","overlay-opacity":"","overlay-gradient":""}},"ast-content-background-meta":{"desktop":{"background-color":"var(--ast-global-color-5)","background-image":"","background-repeat":"repeat","background-position":"center center","background-size":"auto","background-attachment":"scroll","background-type":"","background-media":"","overlay-type":"","overlay-color":"","overlay-opacity":"","overlay-gradient":""},"tablet":{"background-color":"var(--ast-global-color-5)","background-image":"","background-repeat":"repeat","background-position":"center center","background-size":"auto","background-attachment":"scroll","background-type":"","background-media":"","overlay-type":"","overlay-color":"","overlay-opacity":"","overlay-gradient":""},"mobile":{"background-color":"var(--ast-global-color-5)","background-image":"","background-repeat":"repeat","background-position":"center center","background-size":"auto","background-attachment":"scroll","background-type":"","background-media":"","overlay-type":"","overlay-color":"","overlay-opacity":"","overlay-gradient":""}},"footnotes":""},"class_list":["post-822","page","type-page","status-publish","has-post-thumbnail","hentry"],"spectra_custom_meta":{"_edit_last":["1"],"_edit_lock":["1770377347:1"],"_wp_page_template":["default"],"_wpb_vc_js_status":["true"],"_wpb_vc_js_interface_version":["2"],"vc_teaser":["a:2:{s:4:\"data\";s:115:\"[{\"name\":\"title\",\"link\":\"post\"},{\"name\":\"image\",\"image\":\"featured\",\"link\":\"none\"},{\"name\":\"text\",\"mode\":\"excerpt\"}]\";s:7:\"bgcolor\";s:0:\"\";}"],"_wpml_media_featured":["1"],"_yoast_wpseo_focuskw":["br\u00f6llop och fester"],"_yoast_wpseo_title":["Br\u00f6llop och fester i sk\u00e4rg\u00e5rdsmilj\u00f6 - Airisto Spa"],"_yoast_wpseo_metadesc":["Vi ordnar br\u00f6llop och fester i olika storleksklasser i en of\u00f6rgl\u00f6mlig och \u00e4kta sk\u00e4rg\u00e5rdsmilj\u00f6. Vi fixar din perfekta fest, helt fr\u00e5n b\u00f6rjan till slut."],"_yoast_wpseo_linkdex":["65"],"_yoast_wpseo_focuskw_text_input":["br\u00f6llop och fester"],"_yoast_wpseo_content_score":["60"],"_oembed_a682c9076c5cfaf427872e7ba0fce88e":["<iframe width=\"500\" height=\"281\" src=\"https:\/\/www.youtube.com\/embed\/videoseries?list=PLK4SFYewoq7c367YdSFT35n38tT6RQdEW\" frameborder=\"0\" allowfullscreen><\/iframe>"],"_oembed_time_a682c9076c5cfaf427872e7ba0fce88e":["1485164976"],"_astra_content_layout_flag":["disabled"],"site-post-title":["disabled"],"ast-title-bar-display":["disabled"],"site-content-layout":["plain-container"],"site-sidebar-layout":["no-sidebar"],"astra_style_timestamp_css":["1698867789"],"_oembed_336bbc5ccb88c296d81a3ee5893e00d7":["<iframe title=\"Ilmakuvaa\" width=\"1140\" height=\"641\" src=\"https:\/\/www.youtube.com\/embed\/videoseries?list=PLK4SFYewoq7c367YdSFT35n38tT6RQdEW\" frameborder=\"0\" allow=\"accelerometer; autoplay; encrypted-media; gyroscope; picture-in-picture\" allowfullscreen><\/iframe>"],"_oembed_time_336bbc5ccb88c296d81a3ee5893e00d7":["1590481430"],"theme-transparent-header-meta":["default"],"stick-header-meta":["default"],"_yoast_wpseo_estimated-reading-time-minutes":["2"],"_last_translation_edit_mode":["native-editor"],"_wpml_media_has_media":["1"],"rank_math_title":["Br\u00f6llop och fester i sk\u00e4rg\u00e5rdsmilj\u00f6 - Airisto Spa"],"rank_math_description":["Vi ordnar br\u00f6llop och fester i olika storleksklasser i en of\u00f6rgl\u00f6mlig och \u00e4kta sk\u00e4rg\u00e5rdsmilj\u00f6. Vi fixar din perfekta fest, helt fr\u00e5n b\u00f6rjan till slut."],"rank_math_focus_keyword":["br\u00f6llop och fester"],"rank_math_news_sitemap_robots":["index"],"rank_math_robots":["a:1:{i:0;s:5:\"index\";}"],"rank_math_analytic_object_id":["35"],"_wpml_word_count":["381"],"_oembed_836463990f95c46371dd6a3832f8b9e1":["<iframe title=\"Ilmakuvaa\" width=\"500\" height=\"281\" src=\"https:\/\/www.youtube.com\/embed\/videoseries?list=PLK4SFYewoq7c367YdSFT35n38tT6RQdEW\" frameborder=\"0\" allow=\"accelerometer; autoplay; clipboard-write; encrypted-media; gyroscope; picture-in-picture; web-share\" allowfullscreen><\/iframe>"],"_oembed_time_836463990f95c46371dd6a3832f8b9e1":["1673437140"],"_wpml_media_duplicate":["0"],"adv-header-id-meta":[""],"ast-featured-img":[""],"rank_math_seo_score":["60"],"_uag_custom_page_level_css":[""],"ast-site-content-layout":["normal-width-container"],"site-content-style":["unboxed"],"site-sidebar-style":["unboxed"],"astra-migrate-meta-layouts":["set"],"footnotes":[""],"ast-main-header-display":[""],"footer-sml-layout":[""],"ast-breadcrumbs-content":[""],"ast-hfb-above-header-display":[""],"ast-hfb-below-header-display":[""],"ast-hfb-mobile-header-display":[""],"header-main-stick-meta":[""],"header-above-stick-meta":[""],"header-below-stick-meta":[""],"ast-banner-title-visibility":[""],"ast-global-header-display":[""],"rank_math_og_content_image":["a:2:{s:5:\"check\";s:32:\"cb649062a1de789d5f736d6d993794e0\";s:6:\"images\";a:1:{i:0;i:6960;}}"],"rank_math_internal_links_processed":["1"],"_thumbnail_id":["8003","8003"],"_uagb_previous_block_counts":["a:90:{s:21:\"uagb\/advanced-heading\";i:0;s:15:\"uagb\/blockquote\";i:0;s:12:\"uagb\/buttons\";i:0;s:18:\"uagb\/buttons-child\";i:0;s:19:\"uagb\/call-to-action\";i:0;s:15:\"uagb\/cf7-styler\";i:0;s:11:\"uagb\/column\";i:0;s:12:\"uagb\/columns\";i:0;s:14:\"uagb\/container\";i:3;s:21:\"uagb\/content-timeline\";i:0;s:27:\"uagb\/content-timeline-child\";i:0;s:14:\"uagb\/countdown\";i:0;s:12:\"uagb\/counter\";i:0;s:8:\"uagb\/faq\";i:0;s:14:\"uagb\/faq-child\";i:0;s:10:\"uagb\/forms\";i:0;s:17:\"uagb\/forms-accept\";i:0;s:19:\"uagb\/forms-checkbox\";i:0;s:15:\"uagb\/forms-date\";i:0;s:16:\"uagb\/forms-email\";i:0;s:17:\"uagb\/forms-hidden\";i:0;s:15:\"uagb\/forms-name\";i:0;s:16:\"uagb\/forms-phone\";i:0;s:16:\"uagb\/forms-radio\";i:0;s:17:\"uagb\/forms-select\";i:0;s:19:\"uagb\/forms-textarea\";i:0;s:17:\"uagb\/forms-toggle\";i:0;s:14:\"uagb\/forms-url\";i:0;s:14:\"uagb\/gf-styler\";i:0;s:15:\"uagb\/google-map\";i:0;s:11:\"uagb\/how-to\";i:0;s:16:\"uagb\/how-to-step\";i:0;s:9:\"uagb\/icon\";i:0;s:14:\"uagb\/icon-list\";i:0;s:20:\"uagb\/icon-list-child\";i:0;s:10:\"uagb\/image\";i:0;s:18:\"uagb\/image-gallery\";i:0;s:13:\"uagb\/info-box\";i:0;s:18:\"uagb\/inline-notice\";i:0;s:11:\"uagb\/lottie\";i:0;s:21:\"uagb\/marketing-button\";i:0;s:10:\"uagb\/modal\";i:0;s:18:\"uagb\/popup-builder\";i:0;s:16:\"uagb\/post-button\";i:0;s:18:\"uagb\/post-carousel\";i:0;s:17:\"uagb\/post-excerpt\";i:0;s:14:\"uagb\/post-grid\";i:0;s:15:\"uagb\/post-image\";i:0;s:17:\"uagb\/post-masonry\";i:0;s:14:\"uagb\/post-meta\";i:0;s:18:\"uagb\/post-taxonomy\";i:0;s:18:\"uagb\/post-timeline\";i:0;s:15:\"uagb\/post-title\";i:0;s:20:\"uagb\/restaurant-menu\";i:0;s:26:\"uagb\/restaurant-menu-child\";i:0;s:11:\"uagb\/review\";i:0;s:12:\"uagb\/section\";i:0;s:14:\"uagb\/separator\";i:0;s:11:\"uagb\/slider\";i:0;s:17:\"uagb\/slider-child\";i:0;s:17:\"uagb\/social-share\";i:0;s:23:\"uagb\/social-share-child\";i:0;s:16:\"uagb\/star-rating\";i:0;s:23:\"uagb\/sure-cart-checkout\";i:0;s:22:\"uagb\/sure-cart-product\";i:0;s:15:\"uagb\/sure-forms\";i:0;s:22:\"uagb\/table-of-contents\";i:0;s:9:\"uagb\/tabs\";i:0;s:15:\"uagb\/tabs-child\";i:0;s:18:\"uagb\/taxonomy-list\";i:0;s:9:\"uagb\/team\";i:0;s:16:\"uagb\/testimonial\";i:0;s:14:\"uagb\/wp-search\";i:0;s:19:\"uagb\/instagram-feed\";i:0;s:10:\"uagb\/login\";i:0;s:17:\"uagb\/loop-builder\";i:0;s:18:\"uagb\/loop-category\";i:0;s:20:\"uagb\/loop-pagination\";i:0;s:15:\"uagb\/loop-reset\";i:0;s:16:\"uagb\/loop-search\";i:0;s:14:\"uagb\/loop-sort\";i:0;s:17:\"uagb\/loop-wrapper\";i:0;s:13:\"uagb\/register\";i:0;s:19:\"uagb\/register-email\";i:0;s:24:\"uagb\/register-first-name\";i:0;s:23:\"uagb\/register-last-name\";i:0;s:22:\"uagb\/register-password\";i:0;s:30:\"uagb\/register-reenter-password\";i:0;s:19:\"uagb\/register-terms\";i:0;s:22:\"uagb\/register-username\";i:0;}"],"_uagb_last_spectra_edit":["1776795514"],"_uag_page_assets":["a:9:{s:3:\"css\";s:7332:\".wp-block-uagb-container.uagb-block-d3abd2a2 .uagb-container__shape-top svg{width: calc( 100% + 1.3px );}.wp-block-uagb-container.uagb-block-d3abd2a2 .uagb-container__shape.uagb-container__shape-top .uagb-container__shape-fill{fill: rgba(51,51,51,1);}.wp-block-uagb-container.uagb-block-d3abd2a2 .uagb-container__shape-bottom svg{width: calc( 100% + 1.3px );}.wp-block-uagb-container.uagb-block-d3abd2a2 .uagb-container__shape.uagb-container__shape-bottom .uagb-container__shape-fill{fill: rgba(51,51,51,1);}.wp-block-uagb-container.uagb-block-d3abd2a2 .uagb-container__video-wrap video{opacity: 1;}.wp-block-uagb-container.uagb-is-root-container .uagb-block-d3abd2a2{max-width: 100%;width: 100%;}.wp-block-uagb-container.uagb-is-root-container.alignfull.uagb-block-d3abd2a2 > .uagb-container-inner-blocks-wrap{--inner-content-custom-width: min( 100%, 1200px);max-width: var(--inner-content-custom-width);width: 100%;flex-direction: row;align-items: flex-start;justify-content: center;flex-wrap: nowrap;row-gap: 20px;column-gap: 20px;}.wp-block-uagb-container.uagb-block-d3abd2a2{box-shadow: 0px 0px   #00000070 ;padding-top: 20px;padding-bottom: 20px;padding-left: 20px;padding-right: 20px;margin-top:  !important;margin-bottom:  !important;overflow: visible;order: initial;border-color: inherit;row-gap: 20px;column-gap: 20px;}.wp-block-uagb-container.uagb-block-12dec250 .uagb-container__shape-top svg{width: calc( 100% + 1.3px );}.wp-block-uagb-container.uagb-block-12dec250 .uagb-container__shape.uagb-container__shape-top .uagb-container__shape-fill{fill: rgba(51,51,51,1);}.wp-block-uagb-container.uagb-block-12dec250 .uagb-container__shape-bottom svg{width: calc( 100% + 1.3px );}.wp-block-uagb-container.uagb-block-12dec250 .uagb-container__shape.uagb-container__shape-bottom .uagb-container__shape-fill{fill: rgba(51,51,51,1);}.wp-block-uagb-container.uagb-block-12dec250 .uagb-container__video-wrap video{opacity: 1;}.wp-block-uagb-container.uagb-is-root-container .uagb-block-12dec250{max-width: 75%;width: 100%;}.wp-block-uagb-container.uagb-is-root-container.alignfull.uagb-block-12dec250 > .uagb-container-inner-blocks-wrap{--inner-content-custom-width: min( 100%, 1200px);max-width: var(--inner-content-custom-width);width: 100%;flex-direction: column;align-items: center;justify-content: center;flex-wrap: nowrap;row-gap: 20px;column-gap: 20px;}.wp-block-uagb-container.uagb-block-12dec250{box-shadow: 0px 0px   #00000070 ;padding-top: 20px;padding-bottom: 20px;padding-left: 20px;padding-right: 20px;margin-top:  !important;margin-bottom:  !important;overflow: visible;order: initial;border-color: inherit;flex-direction: column;align-items: center;justify-content: center;flex-wrap: nowrap;row-gap: 20px;column-gap: 20px;}.wp-block-uagb-container.uagb-block-bf626296 .uagb-container__shape-top svg{width: calc( 100% + 1.3px );}.wp-block-uagb-container.uagb-block-bf626296 .uagb-container__shape.uagb-container__shape-top .uagb-container__shape-fill{fill: rgba(51,51,51,1);}.wp-block-uagb-container.uagb-block-bf626296 .uagb-container__shape-bottom svg{width: calc( 100% + 1.3px );}.wp-block-uagb-container.uagb-block-bf626296 .uagb-container__shape.uagb-container__shape-bottom .uagb-container__shape-fill{fill: rgba(51,51,51,1);}.wp-block-uagb-container.uagb-block-bf626296 .uagb-container__video-wrap video{opacity: 1;}.wp-block-uagb-container.uagb-is-root-container .uagb-block-bf626296{max-width: 25%;width: 100%;}.wp-block-uagb-container.uagb-is-root-container.alignfull.uagb-block-bf626296 > .uagb-container-inner-blocks-wrap{--inner-content-custom-width: min( 100%, 1200px);max-width: var(--inner-content-custom-width);width: 100%;flex-direction: column;align-items: flex-start;justify-content: center;flex-wrap: nowrap;row-gap: 20px;column-gap: 20px;}.wp-block-uagb-container.uagb-block-bf626296{box-shadow: 0px 0px   #00000070 ;padding-top: 20px;padding-bottom: 20px;padding-left: 20px;padding-right: 20px;margin-top:  !important;margin-bottom:  !important;overflow: visible;order: initial;border-color: inherit;flex-direction: column;align-items: flex-start;justify-content: center;flex-wrap: nowrap;row-gap: 20px;column-gap: 20px;}@media only screen and (max-width: 976px) {.wp-block-uagb-container.uagb-is-root-container .uagb-block-d3abd2a2{width: 100%;}.wp-block-uagb-container.uagb-is-root-container.alignfull.uagb-block-d3abd2a2 > .uagb-container-inner-blocks-wrap{--inner-content-custom-width: min( 100%, 1024px);max-width: var(--inner-content-custom-width);width: 100%;}.wp-block-uagb-container.uagb-block-d3abd2a2{padding-top: 20px;padding-bottom: 20px;padding-left: 20px;padding-right: 20px;margin-top:  !important;margin-bottom:  !important;order: initial;}.wp-block-uagb-container.uagb-is-root-container .uagb-block-12dec250{width: 100%;}.wp-block-uagb-container.uagb-is-root-container.alignfull.uagb-block-12dec250 > .uagb-container-inner-blocks-wrap{--inner-content-custom-width: min( 100%, 1024px);max-width: var(--inner-content-custom-width);width: 100%;}.wp-block-uagb-container.uagb-block-12dec250{padding-top: 20px;padding-bottom: 20px;padding-left: 20px;padding-right: 20px;margin-top:  !important;margin-bottom:  !important;order: initial;}.wp-block-uagb-container.uagb-is-root-container .uagb-block-bf626296{width: 100%;}.wp-block-uagb-container.uagb-is-root-container.alignfull.uagb-block-bf626296 > .uagb-container-inner-blocks-wrap{--inner-content-custom-width: min( 100%, 1024px);max-width: var(--inner-content-custom-width);width: 100%;}.wp-block-uagb-container.uagb-block-bf626296{padding-top: 20px;padding-bottom: 20px;padding-left: 20px;padding-right: 20px;margin-top:  !important;margin-bottom:  !important;order: initial;}}@media only screen and (max-width: 767px) {.wp-block-uagb-container.uagb-is-root-container .uagb-block-d3abd2a2{max-width: 100%;width: 100%;}.wp-block-uagb-container.uagb-is-root-container.alignfull.uagb-block-d3abd2a2 > .uagb-container-inner-blocks-wrap{--inner-content-custom-width: min( 100%, 767px);max-width: var(--inner-content-custom-width);width: 100%;flex-wrap: wrap;}.wp-block-uagb-container.uagb-block-d3abd2a2{padding-top: 20px;padding-bottom: 20px;padding-left: 20px;padding-right: 20px;margin-top:  !important;margin-bottom:  !important;order: initial;}.wp-block-uagb-container.uagb-is-root-container .uagb-block-12dec250{max-width: 100%;width: 100%;}.wp-block-uagb-container.uagb-is-root-container.alignfull.uagb-block-12dec250 > .uagb-container-inner-blocks-wrap{--inner-content-custom-width: min( 100%, 767px);max-width: var(--inner-content-custom-width);width: 100%;flex-wrap: wrap;}.wp-block-uagb-container.uagb-block-12dec250{padding-top: 20px;padding-bottom: 20px;padding-left: 20px;padding-right: 20px;margin-top:  !important;margin-bottom:  !important;order: initial;flex-wrap: wrap;}.wp-block-uagb-container.uagb-is-root-container .uagb-block-bf626296{max-width: 100%;width: 100%;}.wp-block-uagb-container.uagb-is-root-container.alignfull.uagb-block-bf626296 > .uagb-container-inner-blocks-wrap{--inner-content-custom-width: min( 100%, 767px);max-width: var(--inner-content-custom-width);width: 100%;flex-wrap: wrap;}.wp-block-uagb-container.uagb-block-bf626296{padding-top: 20px;padding-bottom: 20px;padding-left: 20px;padding-right: 20px;margin-top:  !important;margin-bottom:  !important;order: initial;flex-wrap: wrap;}}\";s:2:\"js\";s:0:\"\";s:18:\"current_block_list\";a:6:{i:0;s:14:\"uagb\/container\";i:2;s:12:\"core\/heading\";i:3;s:14:\"core\/paragraph\";i:4;s:10:\"core\/image\";i:5;s:9:\"core\/list\";i:6;s:14:\"core\/list-item\";}s:8:\"uag_flag\";b:1;s:11:\"uag_version\";s:10:\"1776958190\";s:6:\"gfonts\";a:0:{}s:10:\"gfonts_url\";s:0:\"\";s:12:\"gfonts_files\";a:0:{}s:14:\"uag_faq_layout\";b:0;}"]},"uagb_featured_image_src":{"full":["https:\/\/airistospa.fi\/wp-content\/uploads\/2026\/03\/juhlatilat-turku-saaristo-airistospa.jpg",1500,1000,false],"thumbnail":["https:\/\/airistospa.fi\/wp-content\/uploads\/2026\/03\/juhlatilat-turku-saaristo-airistospa-150x150.jpg",150,150,true],"medium":["https:\/\/airistospa.fi\/wp-content\/uploads\/2026\/03\/juhlatilat-turku-saaristo-airistospa-300x200.jpg",300,200,true],"medium_large":["https:\/\/airistospa.fi\/wp-content\/uploads\/2026\/03\/juhlatilat-turku-saaristo-airistospa-768x512.jpg",768,512,true],"large":["https:\/\/airistospa.fi\/wp-content\/uploads\/2026\/03\/juhlatilat-turku-saaristo-airistospa-1024x683.jpg",1024,683,true],"1536x1536":["https:\/\/airistospa.fi\/wp-content\/uploads\/2026\/03\/juhlatilat-turku-saaristo-airistospa.jpg",1500,1000,false],"2048x2048":["https:\/\/airistospa.fi\/wp-content\/uploads\/2026\/03\/juhlatilat-turku-saaristo-airistospa.jpg",1500,1000,false]},"uagb_author_info":{"display_name":"Frank","author_link":"https:\/\/airistospa.fi\/sv\/author\/dzfrank\/"},"uagb_comment_info":0,"uagb_excerpt":"V\u00e4lj st\u00e4lle bland olika stilar och storlekar d\u00e5 du planerar din unika och f\u00f6r evigt ih\u00e5gkomna fest.","_links":{"self":[{"href":"https:\/\/airistospa.fi\/sv\/wp-json\/wp\/v2\/pages\/822","targetHints":{"allow":["GET"]}}],"collection":[{"href":"https:\/\/airistospa.fi\/sv\/wp-json\/wp\/v2\/pages"}],"about":[{"href":"https:\/\/airistospa.fi\/sv\/wp-json\/wp\/v2\/types\/page"}],"author":[{"embeddable":true,"href":"https:\/\/airistospa.fi\/sv\/wp-json\/wp\/v2\/users\/1"}],"replies":[{"embeddable":true,"href":"https:\/\/airistospa.fi\/sv\/wp-json\/wp\/v2\/comments?post=822"}],"version-history":[{"count":1,"href":"https:\/\/airistospa.fi\/sv\/wp-json\/wp\/v2\/pages\/822\/revisions"}],"predecessor-version":[{"id":7853,"href":"https:\/\/airistospa.fi\/sv\/wp-json\/wp\/v2\/pages\/822\/revisions\/7853"}],"up":[{"embeddable":true,"href":"https:\/\/airistospa.fi\/sv\/wp-json\/wp\/v2\/pages\/190"}],"wp:featuredmedia":[{"embeddable":true,"href":"https:\/\/airistospa.fi\/sv\/wp-json\/wp\/v2\/media\/8003"}],"wp:attachment":[{"href":"https:\/\/airistospa.fi\/sv\/wp-json\/wp\/v2\/media?parent=822"}],"curies":[{"name":"wp","href":"https:\/\/api.w.org\/{rel}","templated":true}]}}